{"id":22019,"date":"2025-11-07T22:12:13","date_gmt":"2025-11-07T21:12:13","guid":{"rendered":"https:\/\/www.ernstbrunn-apotheke.at\/katalog\/produkt\/eucerin-atopicontrol-12-omega-creme\/"},"modified":"2025-12-08T14:25:55","modified_gmt":"2025-12-08T13:25:55","slug":"eucerin-atopicontrol-12-omega-creme","status":"publish","type":"product","link":"https:\/\/www.ernstbrunn-apotheke.at\/katalog\/produkt\/eucerin-atopicontrol-12-omega-creme\/","title":{"rendered":"Eucerin ATOPICONTROL 12% Omega Creme"},"content":{"rendered":"<p>Eucerin AtopiControl Creme ist eine reichhaltige Basispflege f\u00fcr den t\u00e4glichen Gebrauch, f\u00fcr besonders betroffene Bereiche wie die Ellbogen- und Kniebeugen. Sie ist geeignet f\u00fcr atopische Haut in symptomfreien Phasen und kann bei einem akuten Schub als begleitende Pflege verwendet werden<\/p>\n","protected":false},"excerpt":{"rendered":"<p>Eucerin AtopiControl Creme ist eine reichhaltige Basispflege f\u00fcr den t\u00e4glichen Gebrauch, f\u00fcr besonders betroffene Bereiche wie die Ellbogen- und Kniebeugen. Sie ist geeignet f\u00fcr atopische Haut in symptomfreien Phasen und kann bei einem akuten Schub als begleitende Pflege verwendet werden<\/p>\n","protected":false},"featured_media":22021,"template":"","meta":{"_acf_changed":false},"product_brand":[334],"product_cat":[794],"product_tag":[],"class_list":{"0":"post-22019","1":"product","2":"type-product","3":"status-publish","4":"has-post-thumbnail","6":"product_brand-eucerin","7":"product_cat-e","8":"pa_packungsgroesse-75ml","10":"first","11":"instock","12":"shipping-taxable","13":"purchasable","14":"product-type-simple"},"acf":[],"_links":{"self":[{"href":"https:\/\/www.ernstbrunn-apotheke.at\/katalog\/wp-json\/wp\/v2\/product\/22019","targetHints":{"allow":["GET"]}}],"collection":[{"href":"https:\/\/www.ernstbrunn-apotheke.at\/katalog\/wp-json\/wp\/v2\/product"}],"about":[{"href":"https:\/\/www.ernstbrunn-apotheke.at\/katalog\/wp-json\/wp\/v2\/types\/product"}],"wp:featuredmedia":[{"embeddable":true,"href":"https:\/\/www.ernstbrunn-apotheke.at\/katalog\/wp-json\/wp\/v2\/media\/22021"}],"wp:attachment":[{"href":"https:\/\/www.ernstbrunn-apotheke.at\/katalog\/wp-json\/wp\/v2\/media?parent=22019"}],"wp:term":[{"taxonomy":"product_brand","embeddable":true,"href":"https:\/\/www.ernstbrunn-apotheke.at\/katalog\/wp-json\/wp\/v2\/product_brand?post=22019"},{"taxonomy":"product_cat","embeddable":true,"href":"https:\/\/www.ernstbrunn-apotheke.at\/katalog\/wp-json\/wp\/v2\/product_cat?post=22019"},{"taxonomy":"product_tag","embeddable":true,"href":"https:\/\/www.ernstbrunn-apotheke.at\/katalog\/wp-json\/wp\/v2\/product_tag?post=22019"}],"curies":[{"name":"wp","href":"https:\/\/api.w.org\/{rel}","templated":true}]}}