{"id":22015,"date":"2025-11-07T22:12:13","date_gmt":"2025-11-07T21:12:13","guid":{"rendered":"https:\/\/www.ernstbrunn-apotheke.at\/katalog\/produkt\/princess-gesichtsmaske-hyaluronic\/"},"modified":"2025-12-08T14:25:54","modified_gmt":"2025-12-08T13:25:54","slug":"princess-gesichtsmaske-hyaluronic","status":"publish","type":"product","link":"https:\/\/www.ernstbrunn-apotheke.at\/katalog\/produkt\/princess-gesichtsmaske-hyaluronic\/","title":{"rendered":"Princess Gesichtsmaske Hyaluronic"},"content":{"rendered":"<p>Princess Gesichtsmaske Hyaluronic erh\u00f6ht den Feuchtigkeitsgehalt der Haut, lindert sichtbare Trockenheit und verbessert ihre Elastizit\u00e4t. Zus\u00e4tzlich zu ihrer angenehm k\u00fchlenden Wirkung hilft die Hyalurons\u00e4ure-Maske dabei, kleine F\u00e4ltchen zu gl\u00e4tten und die Haut strahlen zu lassen. Bei einer regelm\u00e4\u00dfigen Anwendung k\u00f6nnen so die Zeichen der Hautalterung bek\u00e4mpft und ein jugendliches Aussehen bewahrt werden.<\/p>\n","protected":false},"excerpt":{"rendered":"<p>Princess Gesichtsmaske Hyaluronic erh\u00f6ht den Feuchtigkeitsgehalt der Haut, lindert sichtbare Trockenheit und verbessert ihre Elastizit\u00e4t. Zus\u00e4tzlich zu ihrer angenehm k\u00fchlenden Wirkung hilft die Hyalurons\u00e4ure-Maske dabei, kleine F\u00e4ltchen zu gl\u00e4tten und die Haut strahlen zu lassen. Bei einer regelm\u00e4\u00dfigen Anwendung k\u00f6nnen so die Zeichen der Hautalterung bek\u00e4mpft und ein jugendliches Aussehen bewahrt werden.<\/p>\n","protected":false},"featured_media":22017,"template":"","meta":{"_acf_changed":false},"product_brand":[],"product_cat":[793],"product_tag":[],"class_list":{"0":"post-22015","1":"product","2":"type-product","3":"status-publish","4":"has-post-thumbnail","6":"product_cat-p","7":"pa_packungsgroesse-8-stueck","9":"first","10":"instock","11":"shipping-taxable","12":"purchasable","13":"product-type-simple"},"acf":[],"_links":{"self":[{"href":"https:\/\/www.ernstbrunn-apotheke.at\/katalog\/wp-json\/wp\/v2\/product\/22015","targetHints":{"allow":["GET"]}}],"collection":[{"href":"https:\/\/www.ernstbrunn-apotheke.at\/katalog\/wp-json\/wp\/v2\/product"}],"about":[{"href":"https:\/\/www.ernstbrunn-apotheke.at\/katalog\/wp-json\/wp\/v2\/types\/product"}],"wp:featuredmedia":[{"embeddable":true,"href":"https:\/\/www.ernstbrunn-apotheke.at\/katalog\/wp-json\/wp\/v2\/media\/22017"}],"wp:attachment":[{"href":"https:\/\/www.ernstbrunn-apotheke.at\/katalog\/wp-json\/wp\/v2\/media?parent=22015"}],"wp:term":[{"taxonomy":"product_brand","embeddable":true,"href":"https:\/\/www.ernstbrunn-apotheke.at\/katalog\/wp-json\/wp\/v2\/product_brand?post=22015"},{"taxonomy":"product_cat","embeddable":true,"href":"https:\/\/www.ernstbrunn-apotheke.at\/katalog\/wp-json\/wp\/v2\/product_cat?post=22015"},{"taxonomy":"product_tag","embeddable":true,"href":"https:\/\/www.ernstbrunn-apotheke.at\/katalog\/wp-json\/wp\/v2\/product_tag?post=22015"}],"curies":[{"name":"wp","href":"https:\/\/api.w.org\/{rel}","templated":true}]}}