{"id":21942,"date":"2025-11-07T22:10:30","date_gmt":"2025-11-07T21:10:30","guid":{"rendered":"https:\/\/www.ernstbrunn-apotheke.at\/katalog\/produkt\/medobalm-augenbalsam-15-ml\/"},"modified":"2025-12-08T14:25:28","modified_gmt":"2025-12-08T13:25:28","slug":"medobalm-augenbalsam-15-ml","status":"publish","type":"product","link":"https:\/\/www.ernstbrunn-apotheke.at\/katalog\/produkt\/medobalm-augenbalsam-15-ml\/","title":{"rendered":"Medobalm Augenbalsam 15 ml"},"content":{"rendered":"<p>Medobalm Augenbalsam ist eine dreifach wirksame Intensiv-Pflege, welche zur Straffung der Augenpartie beitr\u00e4gt. Au\u00dferdem bewirkt sie die Verminderung von Schwellungen und sorgt au\u00dferdem f\u00fcr die Gl\u00e4ttung der Augenf\u00e4ltchen.<\/p>\n","protected":false},"excerpt":{"rendered":"<p>Medobalm Augenbalsam ist eine dreifach wirksame Intensiv-Pflege, welche zur Straffung der Augenpartie beitr\u00e4gt. Au\u00dferdem bewirkt sie die Verminderung von Schwellungen und sorgt au\u00dferdem f\u00fcr die Gl\u00e4ttung der Augenf\u00e4ltchen.<\/p>\n","protected":false},"featured_media":21944,"template":"","meta":{"_acf_changed":false},"product_brand":[],"product_cat":[800],"product_tag":[],"class_list":{"0":"post-21942","1":"product","2":"type-product","3":"status-publish","4":"has-post-thumbnail","6":"product_cat-m","7":"pa_packungsgroesse-15ml","9":"first","10":"instock","11":"shipping-taxable","12":"purchasable","13":"product-type-simple"},"acf":[],"_links":{"self":[{"href":"https:\/\/www.ernstbrunn-apotheke.at\/katalog\/wp-json\/wp\/v2\/product\/21942","targetHints":{"allow":["GET"]}}],"collection":[{"href":"https:\/\/www.ernstbrunn-apotheke.at\/katalog\/wp-json\/wp\/v2\/product"}],"about":[{"href":"https:\/\/www.ernstbrunn-apotheke.at\/katalog\/wp-json\/wp\/v2\/types\/product"}],"wp:featuredmedia":[{"embeddable":true,"href":"https:\/\/www.ernstbrunn-apotheke.at\/katalog\/wp-json\/wp\/v2\/media\/21944"}],"wp:attachment":[{"href":"https:\/\/www.ernstbrunn-apotheke.at\/katalog\/wp-json\/wp\/v2\/media?parent=21942"}],"wp:term":[{"taxonomy":"product_brand","embeddable":true,"href":"https:\/\/www.ernstbrunn-apotheke.at\/katalog\/wp-json\/wp\/v2\/product_brand?post=21942"},{"taxonomy":"product_cat","embeddable":true,"href":"https:\/\/www.ernstbrunn-apotheke.at\/katalog\/wp-json\/wp\/v2\/product_cat?post=21942"},{"taxonomy":"product_tag","embeddable":true,"href":"https:\/\/www.ernstbrunn-apotheke.at\/katalog\/wp-json\/wp\/v2\/product_tag?post=21942"}],"curies":[{"name":"wp","href":"https:\/\/api.w.org\/{rel}","templated":true}]}}