{"id":21898,"date":"2025-11-07T22:09:18","date_gmt":"2025-11-07T21:09:18","guid":{"rendered":"https:\/\/www.ernstbrunn-apotheke.at\/katalog\/produkt\/eucerin-urea-repair-hautglaettende-creme-mit-5-urea-fuer-sehr-trockene-haut\/"},"modified":"2025-12-08T14:25:14","modified_gmt":"2025-12-08T13:25:14","slug":"eucerin-urea-repair-hautglaettende-creme-mit-5-urea-fuer-sehr-trockene-haut","status":"publish","type":"product","link":"https:\/\/www.ernstbrunn-apotheke.at\/katalog\/produkt\/eucerin-urea-repair-hautglaettende-creme-mit-5-urea-fuer-sehr-trockene-haut\/","title":{"rendered":"Eucerin UREA REPAIR hautgl\u00e4ttende Creme mit 5% Urea f\u00fcr sehr trockene Haut"},"content":{"rendered":"<p>Die Eucerin UreaRepair Original Creme 5% mit Carnitin wurde speziell entwickelt, um trockenen, rauen, rissigen und schuppigen Hautstellen die ben\u00f6tigte Intensivpflege zu geben. Die Creme ist mit Urea und dem nat\u00fcrlichen Feuchthaltefaktor Lactat angereichert, um den nat\u00fcrlichen Feuchtigkeitsausgleich wiederherzustellen. Sie enth\u00e4lt zudem Carnitin, um die nat\u00fcrliche Hautbarriere zu st\u00e4rken und vor weiterem Feuchtigkeitsverlust zu sch\u00fctzen. Sie ist die ideale L\u00f6sung f\u00fcr Problembereiche, z. B. an den Ellbogen oder Knien.<\/p>\n","protected":false},"excerpt":{"rendered":"<p>Die Eucerin UreaRepair Original Creme 5% mit Carnitin wurde speziell entwickelt, um trockenen, rauen, rissigen und schuppigen Hautstellen die ben\u00f6tigte Intensivpflege zu geben. Die Creme ist mit Urea und dem nat\u00fcrlichen Feuchthaltefaktor Lactat angereichert, um den nat\u00fcrlichen Feuchtigkeitsausgleich wiederherzustellen. Sie enth\u00e4lt zudem Carnitin, um die nat\u00fcrliche Hautbarriere zu st\u00e4rken und vor weiterem Feuchtigkeitsverlust zu sch\u00fctzen. [&hellip;]<\/p>\n","protected":false},"featured_media":21900,"template":"","meta":{"_acf_changed":false},"product_brand":[334],"product_cat":[794],"product_tag":[],"class_list":{"0":"post-21898","1":"product","2":"type-product","3":"status-publish","4":"has-post-thumbnail","6":"product_brand-eucerin","7":"product_cat-e","8":"pa_packungsgroesse-75ml","10":"first","11":"instock","12":"shipping-taxable","13":"purchasable","14":"product-type-simple"},"acf":[],"_links":{"self":[{"href":"https:\/\/www.ernstbrunn-apotheke.at\/katalog\/wp-json\/wp\/v2\/product\/21898","targetHints":{"allow":["GET"]}}],"collection":[{"href":"https:\/\/www.ernstbrunn-apotheke.at\/katalog\/wp-json\/wp\/v2\/product"}],"about":[{"href":"https:\/\/www.ernstbrunn-apotheke.at\/katalog\/wp-json\/wp\/v2\/types\/product"}],"wp:featuredmedia":[{"embeddable":true,"href":"https:\/\/www.ernstbrunn-apotheke.at\/katalog\/wp-json\/wp\/v2\/media\/21900"}],"wp:attachment":[{"href":"https:\/\/www.ernstbrunn-apotheke.at\/katalog\/wp-json\/wp\/v2\/media?parent=21898"}],"wp:term":[{"taxonomy":"product_brand","embeddable":true,"href":"https:\/\/www.ernstbrunn-apotheke.at\/katalog\/wp-json\/wp\/v2\/product_brand?post=21898"},{"taxonomy":"product_cat","embeddable":true,"href":"https:\/\/www.ernstbrunn-apotheke.at\/katalog\/wp-json\/wp\/v2\/product_cat?post=21898"},{"taxonomy":"product_tag","embeddable":true,"href":"https:\/\/www.ernstbrunn-apotheke.at\/katalog\/wp-json\/wp\/v2\/product_tag?post=21898"}],"curies":[{"name":"wp","href":"https:\/\/api.w.org\/{rel}","templated":true}]}}