{"id":21813,"date":"2025-11-07T22:01:35","date_gmt":"2025-11-07T21:01:35","guid":{"rendered":"https:\/\/www.ernstbrunn-apotheke.at\/katalog\/produkt\/caudalie-resverat-lifting-augenbalsam\/"},"modified":"2025-12-08T14:25:04","modified_gmt":"2025-12-08T13:25:04","slug":"caudalie-resverat-lifting-augenbalsam","status":"publish","type":"product","link":"https:\/\/www.ernstbrunn-apotheke.at\/katalog\/produkt\/caudalie-resverat-lifting-augenbalsam\/","title":{"rendered":"Caudalie RESVERAT LIFTING Augenbalsam"},"content":{"rendered":"<p>Caudalie Resveratrol Lifting Augenpflege ist Ihr Experte f\u00fcr den Augenbereich. Der Balsam enth\u00e4lt eine exklusive Anti-Aging Verbindung. Er liftet und gl\u00e4ttet den Augen- und Lippenbereich, die Tr\u00e4nens\u00e4cke werden gemildert und die Lider gestrafft. Der Blick erscheint jugendlicher..<\/p>\n","protected":false},"excerpt":{"rendered":"<p>Caudalie Resveratrol Lifting Augenpflege ist Ihr Experte f\u00fcr den Augenbereich. Der Balsam enth\u00e4lt eine exklusive Anti-Aging Verbindung. Er liftet und gl\u00e4ttet den Augen- und Lippenbereich, die Tr\u00e4nens\u00e4cke werden gemildert und die Lider gestrafft. Der Blick erscheint jugendlicher..<\/p>\n","protected":false},"featured_media":21815,"template":"","meta":{"_acf_changed":false},"product_brand":[687],"product_cat":[812],"product_tag":[],"class_list":{"0":"post-21813","1":"product","2":"type-product","3":"status-publish","4":"has-post-thumbnail","6":"product_brand-caudalie","7":"product_cat-c","8":"pa_packungsgroesse-15ml","10":"first","11":"instock","12":"shipping-taxable","13":"purchasable","14":"product-type-simple"},"acf":[],"_links":{"self":[{"href":"https:\/\/www.ernstbrunn-apotheke.at\/katalog\/wp-json\/wp\/v2\/product\/21813","targetHints":{"allow":["GET"]}}],"collection":[{"href":"https:\/\/www.ernstbrunn-apotheke.at\/katalog\/wp-json\/wp\/v2\/product"}],"about":[{"href":"https:\/\/www.ernstbrunn-apotheke.at\/katalog\/wp-json\/wp\/v2\/types\/product"}],"wp:featuredmedia":[{"embeddable":true,"href":"https:\/\/www.ernstbrunn-apotheke.at\/katalog\/wp-json\/wp\/v2\/media\/21815"}],"wp:attachment":[{"href":"https:\/\/www.ernstbrunn-apotheke.at\/katalog\/wp-json\/wp\/v2\/media?parent=21813"}],"wp:term":[{"taxonomy":"product_brand","embeddable":true,"href":"https:\/\/www.ernstbrunn-apotheke.at\/katalog\/wp-json\/wp\/v2\/product_brand?post=21813"},{"taxonomy":"product_cat","embeddable":true,"href":"https:\/\/www.ernstbrunn-apotheke.at\/katalog\/wp-json\/wp\/v2\/product_cat?post=21813"},{"taxonomy":"product_tag","embeddable":true,"href":"https:\/\/www.ernstbrunn-apotheke.at\/katalog\/wp-json\/wp\/v2\/product_tag?post=21813"}],"curies":[{"name":"wp","href":"https:\/\/api.w.org\/{rel}","templated":true}]}}