{"id":21775,"date":"2025-11-07T22:01:35","date_gmt":"2025-11-07T21:01:35","guid":{"rendered":"https:\/\/www.ernstbrunn-apotheke.at\/katalog\/produkt\/vichy-dermablend-teint-korrigierendes-make-up-nr-45-gold\/"},"modified":"2025-12-08T14:24:55","modified_gmt":"2025-12-08T13:24:55","slug":"vichy-dermablend-teint-korrigierendes-make-up-nr-45-gold","status":"publish","type":"product","link":"https:\/\/www.ernstbrunn-apotheke.at\/katalog\/produkt\/vichy-dermablend-teint-korrigierendes-make-up-nr-45-gold\/","title":{"rendered":"Vichy DERMABLEND Teint-korrigierendes Make-Up Nr.45 gold"},"content":{"rendered":"<p>VICHY Dermablend Teint-korrigierendes Make-Up 45 Gold ist ideal zum Abdecken von leichten Hautunregelm\u00e4\u00dfigkeiten wie R\u00f6tungen, Mitessern, Augenringen, geplatzten \u00c4derchen oder kleinen Narben.<\/p>\n","protected":false},"excerpt":{"rendered":"<p>VICHY Dermablend Teint-korrigierendes Make-Up 45 Gold ist ideal zum Abdecken von leichten Hautunregelm\u00e4\u00dfigkeiten wie R\u00f6tungen, Mitessern, Augenringen, geplatzten \u00c4derchen oder kleinen Narben.<\/p>\n","protected":false},"featured_media":21777,"template":"","meta":{"_acf_changed":false},"product_brand":[675],"product_cat":[799],"product_tag":[],"class_list":{"0":"post-21775","1":"product","2":"type-product","3":"status-publish","4":"has-post-thumbnail","6":"product_brand-vichy","7":"product_cat-v","8":"pa_farbe-15-opal","9":"pa_farbe-45-gold","10":"pa_packungsgroesse-30ml","12":"first","13":"instock","14":"shipping-taxable","15":"purchasable","16":"product-type-simple"},"acf":[],"_links":{"self":[{"href":"https:\/\/www.ernstbrunn-apotheke.at\/katalog\/wp-json\/wp\/v2\/product\/21775","targetHints":{"allow":["GET"]}}],"collection":[{"href":"https:\/\/www.ernstbrunn-apotheke.at\/katalog\/wp-json\/wp\/v2\/product"}],"about":[{"href":"https:\/\/www.ernstbrunn-apotheke.at\/katalog\/wp-json\/wp\/v2\/types\/product"}],"wp:featuredmedia":[{"embeddable":true,"href":"https:\/\/www.ernstbrunn-apotheke.at\/katalog\/wp-json\/wp\/v2\/media\/21777"}],"wp:attachment":[{"href":"https:\/\/www.ernstbrunn-apotheke.at\/katalog\/wp-json\/wp\/v2\/media?parent=21775"}],"wp:term":[{"taxonomy":"product_brand","embeddable":true,"href":"https:\/\/www.ernstbrunn-apotheke.at\/katalog\/wp-json\/wp\/v2\/product_brand?post=21775"},{"taxonomy":"product_cat","embeddable":true,"href":"https:\/\/www.ernstbrunn-apotheke.at\/katalog\/wp-json\/wp\/v2\/product_cat?post=21775"},{"taxonomy":"product_tag","embeddable":true,"href":"https:\/\/www.ernstbrunn-apotheke.at\/katalog\/wp-json\/wp\/v2\/product_tag?post=21775"}],"curies":[{"name":"wp","href":"https:\/\/api.w.org\/{rel}","templated":true}]}}