{"id":21628,"date":"2025-11-07T21:59:52","date_gmt":"2025-11-07T20:59:52","guid":{"rendered":"https:\/\/www.ernstbrunn-apotheke.at\/katalog\/produkt\/la-roche-posay-hydranorme-40-ml\/"},"modified":"2025-12-08T14:24:21","modified_gmt":"2025-12-08T13:24:21","slug":"la-roche-posay-hydranorme-40-ml","status":"publish","type":"product","link":"https:\/\/www.ernstbrunn-apotheke.at\/katalog\/produkt\/la-roche-posay-hydranorme-40-ml\/","title":{"rendered":"La Roche-Posay Hydranorme 40 ml"},"content":{"rendered":"<p>La Roche-Posay Hydranorme dient zur Pflege fettarmer, trockener und empfindlicher Haut, die unter Lipidmangel leidet. Die Pflege wird therapiebegleitend, zur Nachbehandlung und Vorbeugung bei sehr trockener Haut verwendet. Sie unterst\u00fctzt die Regeneration des Hydrolipidfilms und mindert \u00fcberm\u00e4\u00dfigen Feuchtigkeitsverlust.<\/p>\n","protected":false},"excerpt":{"rendered":"<p>La Roche-Posay Hydranorme dient zur Pflege fettarmer, trockener und empfindlicher Haut, die unter Lipidmangel leidet. Die Pflege wird therapiebegleitend, zur Nachbehandlung und Vorbeugung bei sehr trockener Haut verwendet. Sie unterst\u00fctzt die Regeneration des Hydrolipidfilms und mindert \u00fcberm\u00e4\u00dfigen Feuchtigkeitsverlust.<\/p>\n","protected":false},"featured_media":21630,"template":"","meta":{"_acf_changed":false},"product_brand":[677],"product_cat":[795],"product_tag":[],"class_list":{"0":"post-21628","1":"product","2":"type-product","3":"status-publish","4":"has-post-thumbnail","6":"product_brand-la-roche-posay","7":"product_cat-l","8":"pa_packungsgroesse-40ml","10":"first","11":"instock","12":"shipping-taxable","13":"purchasable","14":"product-type-simple"},"acf":[],"_links":{"self":[{"href":"https:\/\/www.ernstbrunn-apotheke.at\/katalog\/wp-json\/wp\/v2\/product\/21628","targetHints":{"allow":["GET"]}}],"collection":[{"href":"https:\/\/www.ernstbrunn-apotheke.at\/katalog\/wp-json\/wp\/v2\/product"}],"about":[{"href":"https:\/\/www.ernstbrunn-apotheke.at\/katalog\/wp-json\/wp\/v2\/types\/product"}],"wp:featuredmedia":[{"embeddable":true,"href":"https:\/\/www.ernstbrunn-apotheke.at\/katalog\/wp-json\/wp\/v2\/media\/21630"}],"wp:attachment":[{"href":"https:\/\/www.ernstbrunn-apotheke.at\/katalog\/wp-json\/wp\/v2\/media?parent=21628"}],"wp:term":[{"taxonomy":"product_brand","embeddable":true,"href":"https:\/\/www.ernstbrunn-apotheke.at\/katalog\/wp-json\/wp\/v2\/product_brand?post=21628"},{"taxonomy":"product_cat","embeddable":true,"href":"https:\/\/www.ernstbrunn-apotheke.at\/katalog\/wp-json\/wp\/v2\/product_cat?post=21628"},{"taxonomy":"product_tag","embeddable":true,"href":"https:\/\/www.ernstbrunn-apotheke.at\/katalog\/wp-json\/wp\/v2\/product_tag?post=21628"}],"curies":[{"name":"wp","href":"https:\/\/api.w.org\/{rel}","templated":true}]}}