{"id":21622,"date":"2025-11-07T21:59:52","date_gmt":"2025-11-07T20:59:52","guid":{"rendered":"https:\/\/www.ernstbrunn-apotheke.at\/katalog\/produkt\/vichy-purete-thermal-demaquillant-integral-3-in-1\/"},"modified":"2025-12-08T14:24:17","modified_gmt":"2025-12-08T13:24:17","slug":"vichy-purete-thermal-demaquillant-integral-3-in-1","status":"publish","type":"product","link":"https:\/\/www.ernstbrunn-apotheke.at\/katalog\/produkt\/vichy-purete-thermal-demaquillant-integral-3-in-1\/","title":{"rendered":"Vichy PURETE THERMAL Demaquillant Integral 3 in 1"},"content":{"rendered":"<p>3 in 1: Reinigungsmilch, Gesichtswasser und Augen-Make-up-Entferner in Einem. Captelae (Extrakt aus dem Sheabutterbaum) nimmt Verunreinigungen auf wie ein Mikromagnet, so dass starkes Reiben mit dem Wattepad nicht mehr n\u00f6tig ist. Reinigt schonend durch den Wasserenth\u00e4rter Na-EDTA.Thermalwasser von Vichy wirkt hautberuhigend und verbessert den Eigenschutz der Haut. Reinigt und tonisiert gleichzeitig Gesicht, Hals und Augenpartie. Reinigt sanft und gr\u00fcndlich sowohl fett-, als auch wasserl\u00f6sliche Schmutzpartikel, Talg\u00fcbersch\u00fcsse und Make-up.Schnelle, unkomplizierte Komplettreinigung \u2013 auch ideal f\u00fcr zwischendurch oder unterwegs. Die Haut ist gereinigt und geschmeidig, erfrischt, f\u00fchlbar zart und auf die nachfolgendeP\ufb02ege bestens vorbereitet. Auch f\u00fcr Kontaktlinsentr\u00e4gerinnen zu empfehlen, weil kein unangenehmer Fett\ufb01lm auf den Augen zur\u00fcckbleibt..<\/p>\n","protected":false},"excerpt":{"rendered":"<p>3 in 1: Reinigungsmilch, Gesichtswasser und Augen-Make-up-Entferner in Einem. Captelae (Extrakt aus dem Sheabutterbaum) nimmt Verunreinigungen auf wie ein Mikromagnet, so dass starkes Reiben mit dem Wattepad nicht mehr n\u00f6tig ist. Reinigt schonend durch den Wasserenth\u00e4rter Na-EDTA.Thermalwasser von Vichy wirkt hautberuhigend und verbessert den Eigenschutz der Haut. Reinigt und tonisiert gleichzeitig Gesicht, Hals und Augenpartie. [&hellip;]<\/p>\n","protected":false},"featured_media":21624,"template":"","meta":{"_acf_changed":false},"product_brand":[675],"product_cat":[799],"product_tag":[],"class_list":{"0":"post-21622","1":"product","2":"type-product","3":"status-publish","4":"has-post-thumbnail","6":"product_brand-vichy","7":"product_cat-v","8":"pa_packungsgroesse-300ml","10":"first","11":"instock","12":"shipping-taxable","13":"purchasable","14":"product-type-simple"},"acf":[],"_links":{"self":[{"href":"https:\/\/www.ernstbrunn-apotheke.at\/katalog\/wp-json\/wp\/v2\/product\/21622","targetHints":{"allow":["GET"]}}],"collection":[{"href":"https:\/\/www.ernstbrunn-apotheke.at\/katalog\/wp-json\/wp\/v2\/product"}],"about":[{"href":"https:\/\/www.ernstbrunn-apotheke.at\/katalog\/wp-json\/wp\/v2\/types\/product"}],"wp:featuredmedia":[{"embeddable":true,"href":"https:\/\/www.ernstbrunn-apotheke.at\/katalog\/wp-json\/wp\/v2\/media\/21624"}],"wp:attachment":[{"href":"https:\/\/www.ernstbrunn-apotheke.at\/katalog\/wp-json\/wp\/v2\/media?parent=21622"}],"wp:term":[{"taxonomy":"product_brand","embeddable":true,"href":"https:\/\/www.ernstbrunn-apotheke.at\/katalog\/wp-json\/wp\/v2\/product_brand?post=21622"},{"taxonomy":"product_cat","embeddable":true,"href":"https:\/\/www.ernstbrunn-apotheke.at\/katalog\/wp-json\/wp\/v2\/product_cat?post=21622"},{"taxonomy":"product_tag","embeddable":true,"href":"https:\/\/www.ernstbrunn-apotheke.at\/katalog\/wp-json\/wp\/v2\/product_tag?post=21622"}],"curies":[{"name":"wp","href":"https:\/\/api.w.org\/{rel}","templated":true}]}}