{"id":21618,"date":"2025-11-07T21:59:52","date_gmt":"2025-11-07T20:59:52","guid":{"rendered":"https:\/\/www.ernstbrunn-apotheke.at\/katalog\/produkt\/huebner-celerit-plus-bleichcreme-sonnenschutz-altersflecken-25-ml\/"},"modified":"2025-12-08T14:24:16","modified_gmt":"2025-12-08T13:24:16","slug":"huebner-celerit-plus-bleichcreme-sonnenschutz-altersflecken-25-ml","status":"publish","type":"product","link":"https:\/\/www.ernstbrunn-apotheke.at\/katalog\/produkt\/huebner-celerit-plus-bleichcreme-sonnenschutz-altersflecken-25-ml\/","title":{"rendered":"H\u00fcbner Celerit Plus Bleichcreme + Sonnenschutz Altersflecken 25 ml"},"content":{"rendered":"<p>H\u00fcbner Celerit Plus Bleichcreme + Sonnenschutz Altersflecken ist eine kosmetische Bleichcreme zur Pflege der Haut und zur \u00e4u\u00dferlichen Verwendung bei Altersflecken. Die Creme dient au\u00dferdem zur \u00e4u\u00dferen Verwendung bei Sommersprossen, pflegt die Haut und bietet durch seine Lichtschutzfilter einen gewissen Schutz vor Sonnenstrahlen.<\/p>\n","protected":false},"excerpt":{"rendered":"<p>H\u00fcbner Celerit Plus Bleichcreme + Sonnenschutz Altersflecken ist eine kosmetische Bleichcreme zur Pflege der Haut und zur \u00e4u\u00dferlichen Verwendung bei Altersflecken. Die Creme dient au\u00dferdem zur \u00e4u\u00dferen Verwendung bei Sommersprossen, pflegt die Haut und bietet durch seine Lichtschutzfilter einen gewissen Schutz vor Sonnenstrahlen.<\/p>\n","protected":false},"featured_media":21620,"template":"","meta":{"_acf_changed":false},"product_brand":[],"product_cat":[805],"product_tag":[],"class_list":{"0":"post-21618","1":"product","2":"type-product","3":"status-publish","4":"has-post-thumbnail","6":"product_cat-h","7":"pa_packungsgroesse-25ml","9":"first","10":"instock","11":"shipping-taxable","12":"purchasable","13":"product-type-simple"},"acf":[],"_links":{"self":[{"href":"https:\/\/www.ernstbrunn-apotheke.at\/katalog\/wp-json\/wp\/v2\/product\/21618","targetHints":{"allow":["GET"]}}],"collection":[{"href":"https:\/\/www.ernstbrunn-apotheke.at\/katalog\/wp-json\/wp\/v2\/product"}],"about":[{"href":"https:\/\/www.ernstbrunn-apotheke.at\/katalog\/wp-json\/wp\/v2\/types\/product"}],"wp:featuredmedia":[{"embeddable":true,"href":"https:\/\/www.ernstbrunn-apotheke.at\/katalog\/wp-json\/wp\/v2\/media\/21620"}],"wp:attachment":[{"href":"https:\/\/www.ernstbrunn-apotheke.at\/katalog\/wp-json\/wp\/v2\/media?parent=21618"}],"wp:term":[{"taxonomy":"product_brand","embeddable":true,"href":"https:\/\/www.ernstbrunn-apotheke.at\/katalog\/wp-json\/wp\/v2\/product_brand?post=21618"},{"taxonomy":"product_cat","embeddable":true,"href":"https:\/\/www.ernstbrunn-apotheke.at\/katalog\/wp-json\/wp\/v2\/product_cat?post=21618"},{"taxonomy":"product_tag","embeddable":true,"href":"https:\/\/www.ernstbrunn-apotheke.at\/katalog\/wp-json\/wp\/v2\/product_tag?post=21618"}],"curies":[{"name":"wp","href":"https:\/\/api.w.org\/{rel}","templated":true}]}}