{"id":21573,"date":"2025-11-07T21:59:52","date_gmt":"2025-11-07T20:59:52","guid":{"rendered":"https:\/\/www.ernstbrunn-apotheke.at\/katalog\/produkt\/vichy-purete-thermal-erfrischendes-reinigungsgel\/"},"modified":"2025-12-08T14:24:04","modified_gmt":"2025-12-08T13:24:04","slug":"vichy-purete-thermal-erfrischendes-reinigungsgel","status":"publish","type":"product","link":"https:\/\/www.ernstbrunn-apotheke.at\/katalog\/produkt\/vichy-purete-thermal-erfrischendes-reinigungsgel\/","title":{"rendered":"Vichy PURETE THERMAL erfrischendes Reinigungsgel"},"content":{"rendered":"<p>Befreit die Haut optimal von Verunreinigungen (Umweltpartikel, Staub, selbst Feinstaub, Talg\u00fcberschuss) und schenkt ihr Geschmeidigkeit und Frische. Zus\u00e4tzlich wei\u00dft das Reinigungsgel eine antioxidative Wirkung auf.Das erfrischende Gel sch\u00e4umt wohltuend cremig auf und wirkt feuchtigkeitsspendend. Das Ergebnis: Die Haut ist rein, glatt und wirkt strahlend frisch..<\/p>\n","protected":false},"excerpt":{"rendered":"<p>Befreit die Haut optimal von Verunreinigungen (Umweltpartikel, Staub, selbst Feinstaub, Talg\u00fcberschuss) und schenkt ihr Geschmeidigkeit und Frische. Zus\u00e4tzlich wei\u00dft das Reinigungsgel eine antioxidative Wirkung auf.Das erfrischende Gel sch\u00e4umt wohltuend cremig auf und wirkt feuchtigkeitsspendend. Das Ergebnis: Die Haut ist rein, glatt und wirkt strahlend frisch..<\/p>\n","protected":false},"featured_media":21575,"template":"","meta":{"_acf_changed":false},"product_brand":[675],"product_cat":[799],"product_tag":[],"class_list":{"0":"post-21573","1":"product","2":"type-product","3":"status-publish","4":"has-post-thumbnail","6":"product_brand-vichy","7":"product_cat-v","8":"pa_packungsgroesse-200ml","10":"first","11":"instock","12":"shipping-taxable","13":"purchasable","14":"product-type-simple"},"acf":[],"_links":{"self":[{"href":"https:\/\/www.ernstbrunn-apotheke.at\/katalog\/wp-json\/wp\/v2\/product\/21573","targetHints":{"allow":["GET"]}}],"collection":[{"href":"https:\/\/www.ernstbrunn-apotheke.at\/katalog\/wp-json\/wp\/v2\/product"}],"about":[{"href":"https:\/\/www.ernstbrunn-apotheke.at\/katalog\/wp-json\/wp\/v2\/types\/product"}],"wp:featuredmedia":[{"embeddable":true,"href":"https:\/\/www.ernstbrunn-apotheke.at\/katalog\/wp-json\/wp\/v2\/media\/21575"}],"wp:attachment":[{"href":"https:\/\/www.ernstbrunn-apotheke.at\/katalog\/wp-json\/wp\/v2\/media?parent=21573"}],"wp:term":[{"taxonomy":"product_brand","embeddable":true,"href":"https:\/\/www.ernstbrunn-apotheke.at\/katalog\/wp-json\/wp\/v2\/product_brand?post=21573"},{"taxonomy":"product_cat","embeddable":true,"href":"https:\/\/www.ernstbrunn-apotheke.at\/katalog\/wp-json\/wp\/v2\/product_cat?post=21573"},{"taxonomy":"product_tag","embeddable":true,"href":"https:\/\/www.ernstbrunn-apotheke.at\/katalog\/wp-json\/wp\/v2\/product_tag?post=21573"}],"curies":[{"name":"wp","href":"https:\/\/api.w.org\/{rel}","templated":true}]}}