{"id":21567,"date":"2025-11-07T21:59:52","date_gmt":"2025-11-07T20:59:52","guid":{"rendered":"https:\/\/www.ernstbrunn-apotheke.at\/katalog\/produkt\/la-roche-mizellen-reinigungsfluid-normale-haut-400ml\/"},"modified":"2025-12-08T14:24:01","modified_gmt":"2025-12-08T13:24:01","slug":"la-roche-mizellen-reinigungsfluid-normale-haut-400ml","status":"publish","type":"product","link":"https:\/\/www.ernstbrunn-apotheke.at\/katalog\/produkt\/la-roche-mizellen-reinigungsfluid-normale-haut-400ml\/","title":{"rendered":"La Roche MIZELLEN REINIGUNGSFLUID normale Haut &#8211; 400ml"},"content":{"rendered":"<p>La Roche-Posay Mizellen Normale Haut ist eine Gesichtsreinigung und Make-Up-Entferner mit Mizellen-Technologie. Das Fluid reinigt, kl\u00e4rt und entfernt Make-up und Augen-Make-up gr\u00fcndlich und sanft in nur einem Schritt. Zus\u00e4tzlich vermeidet es R\u00f6tungen und Spannungsgef\u00fchle beim Abschminken.<\/p>\n","protected":false},"excerpt":{"rendered":"<p>La Roche-Posay Mizellen Normale Haut ist eine Gesichtsreinigung und Make-Up-Entferner mit Mizellen-Technologie. Das Fluid reinigt, kl\u00e4rt und entfernt Make-up und Augen-Make-up gr\u00fcndlich und sanft in nur einem Schritt. Zus\u00e4tzlich vermeidet es R\u00f6tungen und Spannungsgef\u00fchle beim Abschminken.<\/p>\n","protected":false},"featured_media":21569,"template":"","meta":{"_acf_changed":false},"product_brand":[677],"product_cat":[795],"product_tag":[],"class_list":{"0":"post-21567","1":"product","2":"type-product","3":"status-publish","4":"has-post-thumbnail","6":"product_brand-la-roche-posay","7":"product_cat-l","8":"pa_packungsgroesse-400ml","10":"first","11":"instock","12":"shipping-taxable","13":"purchasable","14":"product-type-simple"},"acf":[],"_links":{"self":[{"href":"https:\/\/www.ernstbrunn-apotheke.at\/katalog\/wp-json\/wp\/v2\/product\/21567","targetHints":{"allow":["GET"]}}],"collection":[{"href":"https:\/\/www.ernstbrunn-apotheke.at\/katalog\/wp-json\/wp\/v2\/product"}],"about":[{"href":"https:\/\/www.ernstbrunn-apotheke.at\/katalog\/wp-json\/wp\/v2\/types\/product"}],"wp:featuredmedia":[{"embeddable":true,"href":"https:\/\/www.ernstbrunn-apotheke.at\/katalog\/wp-json\/wp\/v2\/media\/21569"}],"wp:attachment":[{"href":"https:\/\/www.ernstbrunn-apotheke.at\/katalog\/wp-json\/wp\/v2\/media?parent=21567"}],"wp:term":[{"taxonomy":"product_brand","embeddable":true,"href":"https:\/\/www.ernstbrunn-apotheke.at\/katalog\/wp-json\/wp\/v2\/product_brand?post=21567"},{"taxonomy":"product_cat","embeddable":true,"href":"https:\/\/www.ernstbrunn-apotheke.at\/katalog\/wp-json\/wp\/v2\/product_cat?post=21567"},{"taxonomy":"product_tag","embeddable":true,"href":"https:\/\/www.ernstbrunn-apotheke.at\/katalog\/wp-json\/wp\/v2\/product_tag?post=21567"}],"curies":[{"name":"wp","href":"https:\/\/api.w.org\/{rel}","templated":true}]}}