{"id":21563,"date":"2025-11-07T21:59:52","date_gmt":"2025-11-07T20:59:52","guid":{"rendered":"https:\/\/www.ernstbrunn-apotheke.at\/katalog\/produkt\/la-roche-posay-pure-vitamin-c-uv-pflege-lsf-25-40-ml\/"},"modified":"2025-12-08T14:23:59","modified_gmt":"2025-12-08T13:23:59","slug":"la-roche-posay-pure-vitamin-c-uv-pflege-lsf-25-40-ml","status":"publish","type":"product","link":"https:\/\/www.ernstbrunn-apotheke.at\/katalog\/produkt\/la-roche-posay-pure-vitamin-c-uv-pflege-lsf-25-40-ml\/","title":{"rendered":"La Roche-Posay Pure Vitamin C UV Pflege LSF 25 40 ml"},"content":{"rendered":"<p>La Roche-Posay Redermic C Pflege UV ist eine korrigierende Anti-Aging Creme gegen Falten f\u00fcr empfindliche Haut. Sofort nach der Anwendung versorgt fragmentierte Hyalurons\u00e4ure die Haut intensiv mit Feuchtigkeit und f\u00fcllt Falten auf. Konzentriertes, reines Vitamin C stimuliert zus\u00e4tzlich die Produktion der st\u00fctzenden Kollagenfasern, um die Haut zu straffen.<\/p>\n","protected":false},"excerpt":{"rendered":"<p>La Roche-Posay Redermic C Pflege UV ist eine korrigierende Anti-Aging Creme gegen Falten f\u00fcr empfindliche Haut. Sofort nach der Anwendung versorgt fragmentierte Hyalurons\u00e4ure die Haut intensiv mit Feuchtigkeit und f\u00fcllt Falten auf. Konzentriertes, reines Vitamin C stimuliert zus\u00e4tzlich die Produktion der st\u00fctzenden Kollagenfasern, um die Haut zu straffen.<\/p>\n","protected":false},"featured_media":21565,"template":"","meta":{"_acf_changed":false},"product_brand":[677],"product_cat":[795],"product_tag":[],"class_list":{"0":"post-21563","1":"product","2":"type-product","3":"status-publish","4":"has-post-thumbnail","6":"product_brand-la-roche-posay","7":"product_cat-l","8":"pa_packungsgroesse-40ml","10":"first","11":"instock","12":"shipping-taxable","13":"purchasable","14":"product-type-simple"},"acf":[],"_links":{"self":[{"href":"https:\/\/www.ernstbrunn-apotheke.at\/katalog\/wp-json\/wp\/v2\/product\/21563","targetHints":{"allow":["GET"]}}],"collection":[{"href":"https:\/\/www.ernstbrunn-apotheke.at\/katalog\/wp-json\/wp\/v2\/product"}],"about":[{"href":"https:\/\/www.ernstbrunn-apotheke.at\/katalog\/wp-json\/wp\/v2\/types\/product"}],"wp:featuredmedia":[{"embeddable":true,"href":"https:\/\/www.ernstbrunn-apotheke.at\/katalog\/wp-json\/wp\/v2\/media\/21565"}],"wp:attachment":[{"href":"https:\/\/www.ernstbrunn-apotheke.at\/katalog\/wp-json\/wp\/v2\/media?parent=21563"}],"wp:term":[{"taxonomy":"product_brand","embeddable":true,"href":"https:\/\/www.ernstbrunn-apotheke.at\/katalog\/wp-json\/wp\/v2\/product_brand?post=21563"},{"taxonomy":"product_cat","embeddable":true,"href":"https:\/\/www.ernstbrunn-apotheke.at\/katalog\/wp-json\/wp\/v2\/product_cat?post=21563"},{"taxonomy":"product_tag","embeddable":true,"href":"https:\/\/www.ernstbrunn-apotheke.at\/katalog\/wp-json\/wp\/v2\/product_tag?post=21563"}],"curies":[{"name":"wp","href":"https:\/\/api.w.org\/{rel}","templated":true}]}}