{"id":21522,"date":"2025-11-07T21:59:06","date_gmt":"2025-11-07T20:59:06","guid":{"rendered":"https:\/\/www.ernstbrunn-apotheke.at\/katalog\/produkt\/eucerin-dermatoclean-3-in-1-mizellen-reinigungsfluid\/"},"modified":"2025-12-08T14:23:46","modified_gmt":"2025-12-08T13:23:46","slug":"eucerin-dermatoclean-3-in-1-mizellen-reinigungsfluid","status":"publish","type":"product","link":"https:\/\/www.ernstbrunn-apotheke.at\/katalog\/produkt\/eucerin-dermatoclean-3-in-1-mizellen-reinigungsfluid\/","title":{"rendered":"Eucerin DERMATOCLEAN 3 in 1 Mizellen Reinigungsfluid"},"content":{"rendered":"<p>Eucerin DermatoCLEAN 3 in 1 Reinigungsfluid reinigt gr\u00fcndlich und sanft. Es entfernt wasserl\u00f6sliches Make-up und kl\u00e4rt die Haut. Die innovative Wirkstoffkombination aus einem sehr milden Reinigungskomplex und natur-identischen Feuchtigkeitsspendern befeuchtet die Haut und reinigt mild ohne die Haut anzugreifen. Die Gesichtshaut wird sanft und porentief gereinigt. Die Haut nimmt nachweislich Sauerstoff besser auf und regeneriert schneller. Die anschliessende Pflege kann somit effektiver wirken.<\/p>\n","protected":false},"excerpt":{"rendered":"<p>Eucerin DermatoCLEAN 3 in 1 Reinigungsfluid reinigt gr\u00fcndlich und sanft. Es entfernt wasserl\u00f6sliches Make-up und kl\u00e4rt die Haut. Die innovative Wirkstoffkombination aus einem sehr milden Reinigungskomplex und natur-identischen Feuchtigkeitsspendern befeuchtet die Haut und reinigt mild ohne die Haut anzugreifen. Die Gesichtshaut wird sanft und porentief gereinigt. Die Haut nimmt nachweislich Sauerstoff besser auf und regeneriert [&hellip;]<\/p>\n","protected":false},"featured_media":21524,"template":"","meta":{"_acf_changed":false},"product_brand":[334],"product_cat":[794],"product_tag":[],"class_list":{"0":"post-21522","1":"product","2":"type-product","3":"status-publish","4":"has-post-thumbnail","6":"product_brand-eucerin","7":"product_cat-e","8":"pa_packungsgroesse-200ml","10":"first","11":"instock","12":"shipping-taxable","13":"purchasable","14":"product-type-simple"},"acf":[],"_links":{"self":[{"href":"https:\/\/www.ernstbrunn-apotheke.at\/katalog\/wp-json\/wp\/v2\/product\/21522","targetHints":{"allow":["GET"]}}],"collection":[{"href":"https:\/\/www.ernstbrunn-apotheke.at\/katalog\/wp-json\/wp\/v2\/product"}],"about":[{"href":"https:\/\/www.ernstbrunn-apotheke.at\/katalog\/wp-json\/wp\/v2\/types\/product"}],"wp:featuredmedia":[{"embeddable":true,"href":"https:\/\/www.ernstbrunn-apotheke.at\/katalog\/wp-json\/wp\/v2\/media\/21524"}],"wp:attachment":[{"href":"https:\/\/www.ernstbrunn-apotheke.at\/katalog\/wp-json\/wp\/v2\/media?parent=21522"}],"wp:term":[{"taxonomy":"product_brand","embeddable":true,"href":"https:\/\/www.ernstbrunn-apotheke.at\/katalog\/wp-json\/wp\/v2\/product_brand?post=21522"},{"taxonomy":"product_cat","embeddable":true,"href":"https:\/\/www.ernstbrunn-apotheke.at\/katalog\/wp-json\/wp\/v2\/product_cat?post=21522"},{"taxonomy":"product_tag","embeddable":true,"href":"https:\/\/www.ernstbrunn-apotheke.at\/katalog\/wp-json\/wp\/v2\/product_tag?post=21522"}],"curies":[{"name":"wp","href":"https:\/\/api.w.org\/{rel}","templated":true}]}}