{"id":21504,"date":"2025-11-07T21:59:06","date_gmt":"2025-11-07T20:59:06","guid":{"rendered":"https:\/\/www.ernstbrunn-apotheke.at\/katalog\/produkt\/la-roche-hyalu-b5-anti-falten-pflegecreme\/"},"modified":"2025-12-08T14:23:40","modified_gmt":"2025-12-08T13:23:40","slug":"la-roche-hyalu-b5-anti-falten-pflegecreme","status":"publish","type":"product","link":"https:\/\/www.ernstbrunn-apotheke.at\/katalog\/produkt\/la-roche-hyalu-b5-anti-falten-pflegecreme\/","title":{"rendered":"La Roche HYALU B5 Anti-Falten Pflegecreme"},"content":{"rendered":"<p>La Roche-Posay Hyalu B5 Pflege ist eine intensiv korrigierende Anti-Falten Pflege f\u00fcr empfindliche Haut. Sie wird bei Verlust an Volumen und Straffheit sowie m\u00fcder und fahler Haut eingesetzt. Der Wirkstoffkomplex mit hochkonzentrierter Hyalurons\u00e4ure und pflegendem Vitamin B5, wirkt Anzeichen nat\u00fcrlicher Hautalterung entgegen und st\u00e4rkt die Hautbarriere vor \u00e4u\u00dferen Alterungsfaktoren -.<\/p>\n","protected":false},"excerpt":{"rendered":"<p>La Roche-Posay Hyalu B5 Pflege ist eine intensiv korrigierende Anti-Falten Pflege f\u00fcr empfindliche Haut. Sie wird bei Verlust an Volumen und Straffheit sowie m\u00fcder und fahler Haut eingesetzt. Der Wirkstoffkomplex mit hochkonzentrierter Hyalurons\u00e4ure und pflegendem Vitamin B5, wirkt Anzeichen nat\u00fcrlicher Hautalterung entgegen und st\u00e4rkt die Hautbarriere vor \u00e4u\u00dferen Alterungsfaktoren -.<\/p>\n","protected":false},"featured_media":21506,"template":"","meta":{"_acf_changed":false},"product_brand":[677],"product_cat":[795],"product_tag":[],"class_list":{"0":"post-21504","1":"product","2":"type-product","3":"status-publish","4":"has-post-thumbnail","6":"product_brand-la-roche-posay","7":"product_cat-l","8":"pa_packungsgroesse-40ml","10":"first","11":"instock","12":"shipping-taxable","13":"purchasable","14":"product-type-simple"},"acf":[],"_links":{"self":[{"href":"https:\/\/www.ernstbrunn-apotheke.at\/katalog\/wp-json\/wp\/v2\/product\/21504","targetHints":{"allow":["GET"]}}],"collection":[{"href":"https:\/\/www.ernstbrunn-apotheke.at\/katalog\/wp-json\/wp\/v2\/product"}],"about":[{"href":"https:\/\/www.ernstbrunn-apotheke.at\/katalog\/wp-json\/wp\/v2\/types\/product"}],"wp:featuredmedia":[{"embeddable":true,"href":"https:\/\/www.ernstbrunn-apotheke.at\/katalog\/wp-json\/wp\/v2\/media\/21506"}],"wp:attachment":[{"href":"https:\/\/www.ernstbrunn-apotheke.at\/katalog\/wp-json\/wp\/v2\/media?parent=21504"}],"wp:term":[{"taxonomy":"product_brand","embeddable":true,"href":"https:\/\/www.ernstbrunn-apotheke.at\/katalog\/wp-json\/wp\/v2\/product_brand?post=21504"},{"taxonomy":"product_cat","embeddable":true,"href":"https:\/\/www.ernstbrunn-apotheke.at\/katalog\/wp-json\/wp\/v2\/product_cat?post=21504"},{"taxonomy":"product_tag","embeddable":true,"href":"https:\/\/www.ernstbrunn-apotheke.at\/katalog\/wp-json\/wp\/v2\/product_tag?post=21504"}],"curies":[{"name":"wp","href":"https:\/\/api.w.org\/{rel}","templated":true}]}}