{"id":21494,"date":"2025-11-07T21:59:06","date_gmt":"2025-11-07T20:59:06","guid":{"rendered":"https:\/\/www.ernstbrunn-apotheke.at\/katalog\/produkt\/hyaluron-wirkkonzentrat-13-ml-anti-falten-aufbaupolsterung\/"},"modified":"2025-12-08T14:23:38","modified_gmt":"2025-12-08T13:23:38","slug":"hyaluron-wirkkonzentrat-13-ml-anti-falten-aufbaupolsterung","status":"publish","type":"product","link":"https:\/\/www.ernstbrunn-apotheke.at\/katalog\/produkt\/hyaluron-wirkkonzentrat-13-ml-anti-falten-aufbaupolsterung\/","title":{"rendered":"Hyaluron Wirkkonzentrat 13 ml Anti-Falten + Aufbaupolsterung"},"content":{"rendered":"<p>Hyaluron Wirkkonzentrat wirkt dem Feuchtigkeitsverlust der Haut und der Bildung von Falten entgegen, welche sich mit zunehmendem Alter durch verschiedene Umwelteinfl\u00fcsse und dem Abbau der k\u00f6rpereigenen Hyalurons\u00e4ure bilden.Dieses Produkt erhalten Sie in den Varianten Anti-Falten + Feuchtigkeit, Anti-Falten + Aufbaupolsterung und Anti-Falten + Beruhigung.<\/p>\n","protected":false},"excerpt":{"rendered":"<p>Hyaluron Wirkkonzentrat wirkt dem Feuchtigkeitsverlust der Haut und der Bildung von Falten entgegen, welche sich mit zunehmendem Alter durch verschiedene Umwelteinfl\u00fcsse und dem Abbau der k\u00f6rpereigenen Hyalurons\u00e4ure bilden.Dieses Produkt erhalten Sie in den Varianten Anti-Falten + Feuchtigkeit, Anti-Falten + Aufbaupolsterung und Anti-Falten + Beruhigung.<\/p>\n","protected":false},"featured_media":21496,"template":"","meta":{"_acf_changed":false},"product_brand":[],"product_cat":[805],"product_tag":[],"class_list":{"0":"post-21494","1":"product","2":"type-product","3":"status-publish","4":"has-post-thumbnail","6":"product_cat-h","7":"pa_packungsgroesse-13ml","9":"first","10":"instock","11":"shipping-taxable","12":"purchasable","13":"product-type-simple"},"acf":[],"_links":{"self":[{"href":"https:\/\/www.ernstbrunn-apotheke.at\/katalog\/wp-json\/wp\/v2\/product\/21494","targetHints":{"allow":["GET"]}}],"collection":[{"href":"https:\/\/www.ernstbrunn-apotheke.at\/katalog\/wp-json\/wp\/v2\/product"}],"about":[{"href":"https:\/\/www.ernstbrunn-apotheke.at\/katalog\/wp-json\/wp\/v2\/types\/product"}],"wp:featuredmedia":[{"embeddable":true,"href":"https:\/\/www.ernstbrunn-apotheke.at\/katalog\/wp-json\/wp\/v2\/media\/21496"}],"wp:attachment":[{"href":"https:\/\/www.ernstbrunn-apotheke.at\/katalog\/wp-json\/wp\/v2\/media?parent=21494"}],"wp:term":[{"taxonomy":"product_brand","embeddable":true,"href":"https:\/\/www.ernstbrunn-apotheke.at\/katalog\/wp-json\/wp\/v2\/product_brand?post=21494"},{"taxonomy":"product_cat","embeddable":true,"href":"https:\/\/www.ernstbrunn-apotheke.at\/katalog\/wp-json\/wp\/v2\/product_cat?post=21494"},{"taxonomy":"product_tag","embeddable":true,"href":"https:\/\/www.ernstbrunn-apotheke.at\/katalog\/wp-json\/wp\/v2\/product_tag?post=21494"}],"curies":[{"name":"wp","href":"https:\/\/api.w.org\/{rel}","templated":true}]}}