{"id":21479,"date":"2025-11-07T21:59:06","date_gmt":"2025-11-07T20:59:06","guid":{"rendered":"https:\/\/www.ernstbrunn-apotheke.at\/katalog\/produkt\/augenbrauen-booster-4-ml\/"},"modified":"2025-12-08T14:23:35","modified_gmt":"2025-12-08T13:23:35","slug":"augenbrauen-booster-4-ml","status":"publish","type":"product","link":"https:\/\/www.ernstbrunn-apotheke.at\/katalog\/produkt\/augenbrauen-booster-4-ml\/","title":{"rendered":"Augenbrauen Booster 4 ml"},"content":{"rendered":"<p>Augenbrauen Booster f\u00f6rdert das nat\u00fcrliche Wachstum der Augenbrauen. Ein moderner Wirkstoffkomplex n\u00e4hrt die Haarwurzel und bewirkt eine Verl\u00e4ngerung der Haarwachstumsphase der Brauen. Der Haarausfallprozess wird verlangsamt und gleichzeitig wird neuer Haarwuchs gef\u00f6rdert<\/p>\n","protected":false},"excerpt":{"rendered":"<p>Augenbrauen Booster f\u00f6rdert das nat\u00fcrliche Wachstum der Augenbrauen. Ein moderner Wirkstoffkomplex n\u00e4hrt die Haarwurzel und bewirkt eine Verl\u00e4ngerung der Haarwachstumsphase der Brauen. Der Haarausfallprozess wird verlangsamt und gleichzeitig wird neuer Haarwuchs gef\u00f6rdert<\/p>\n","protected":false},"featured_media":21481,"template":"","meta":{"_acf_changed":false},"product_brand":[],"product_cat":[801],"product_tag":[],"class_list":{"0":"post-21479","1":"product","2":"type-product","3":"status-publish","4":"has-post-thumbnail","6":"product_cat-a","7":"pa_packungsgroesse-4ml","9":"first","10":"instock","11":"shipping-taxable","12":"purchasable","13":"product-type-simple"},"acf":[],"_links":{"self":[{"href":"https:\/\/www.ernstbrunn-apotheke.at\/katalog\/wp-json\/wp\/v2\/product\/21479","targetHints":{"allow":["GET"]}}],"collection":[{"href":"https:\/\/www.ernstbrunn-apotheke.at\/katalog\/wp-json\/wp\/v2\/product"}],"about":[{"href":"https:\/\/www.ernstbrunn-apotheke.at\/katalog\/wp-json\/wp\/v2\/types\/product"}],"wp:featuredmedia":[{"embeddable":true,"href":"https:\/\/www.ernstbrunn-apotheke.at\/katalog\/wp-json\/wp\/v2\/media\/21481"}],"wp:attachment":[{"href":"https:\/\/www.ernstbrunn-apotheke.at\/katalog\/wp-json\/wp\/v2\/media?parent=21479"}],"wp:term":[{"taxonomy":"product_brand","embeddable":true,"href":"https:\/\/www.ernstbrunn-apotheke.at\/katalog\/wp-json\/wp\/v2\/product_brand?post=21479"},{"taxonomy":"product_cat","embeddable":true,"href":"https:\/\/www.ernstbrunn-apotheke.at\/katalog\/wp-json\/wp\/v2\/product_cat?post=21479"},{"taxonomy":"product_tag","embeddable":true,"href":"https:\/\/www.ernstbrunn-apotheke.at\/katalog\/wp-json\/wp\/v2\/product_tag?post=21479"}],"curies":[{"name":"wp","href":"https:\/\/api.w.org\/{rel}","templated":true}]}}