{"id":21469,"date":"2025-11-07T21:59:06","date_gmt":"2025-11-07T20:59:06","guid":{"rendered":"https:\/\/www.ernstbrunn-apotheke.at\/katalog\/produkt\/dermasel-maske-hydrante-rose-12-ml\/"},"modified":"2025-12-08T14:23:26","modified_gmt":"2025-12-08T13:23:26","slug":"dermasel-maske-hydrante-rose-12-ml","status":"publish","type":"product","link":"https:\/\/www.ernstbrunn-apotheke.at\/katalog\/produkt\/dermasel-maske-hydrante-rose-12-ml\/","title":{"rendered":"Dermasel Maske Hydrante Rose 12 ml"},"content":{"rendered":"<p>Dermasel Maske Hydrante Rose gleicht den Feuchtigkeitsgehalt der Haut aus. Die Hautschutzbarriere wird gest\u00e4rkt, die Haut vor Reizungen und trockenheitsbedingter Faltenbildung gesch\u00fctzt. Mit dem Duft zarter Rosenbl\u00fcten.<\/p>\n","protected":false},"excerpt":{"rendered":"<p>Dermasel Maske Hydrante Rose gleicht den Feuchtigkeitsgehalt der Haut aus. Die Hautschutzbarriere wird gest\u00e4rkt, die Haut vor Reizungen und trockenheitsbedingter Faltenbildung gesch\u00fctzt. Mit dem Duft zarter Rosenbl\u00fcten.<\/p>\n","protected":false},"featured_media":21471,"template":"","meta":{"_acf_changed":false},"product_brand":[684],"product_cat":[792],"product_tag":[],"class_list":{"0":"post-21469","1":"product","2":"type-product","3":"status-publish","4":"has-post-thumbnail","6":"product_brand-dermasel","7":"product_cat-d","8":"pa_packungsgroesse-12ml","10":"first","11":"instock","12":"shipping-taxable","13":"purchasable","14":"product-type-simple"},"acf":[],"_links":{"self":[{"href":"https:\/\/www.ernstbrunn-apotheke.at\/katalog\/wp-json\/wp\/v2\/product\/21469","targetHints":{"allow":["GET"]}}],"collection":[{"href":"https:\/\/www.ernstbrunn-apotheke.at\/katalog\/wp-json\/wp\/v2\/product"}],"about":[{"href":"https:\/\/www.ernstbrunn-apotheke.at\/katalog\/wp-json\/wp\/v2\/types\/product"}],"wp:featuredmedia":[{"embeddable":true,"href":"https:\/\/www.ernstbrunn-apotheke.at\/katalog\/wp-json\/wp\/v2\/media\/21471"}],"wp:attachment":[{"href":"https:\/\/www.ernstbrunn-apotheke.at\/katalog\/wp-json\/wp\/v2\/media?parent=21469"}],"wp:term":[{"taxonomy":"product_brand","embeddable":true,"href":"https:\/\/www.ernstbrunn-apotheke.at\/katalog\/wp-json\/wp\/v2\/product_brand?post=21469"},{"taxonomy":"product_cat","embeddable":true,"href":"https:\/\/www.ernstbrunn-apotheke.at\/katalog\/wp-json\/wp\/v2\/product_cat?post=21469"},{"taxonomy":"product_tag","embeddable":true,"href":"https:\/\/www.ernstbrunn-apotheke.at\/katalog\/wp-json\/wp\/v2\/product_tag?post=21469"}],"curies":[{"name":"wp","href":"https:\/\/api.w.org\/{rel}","templated":true}]}}