{"id":21442,"date":"2025-11-07T21:59:06","date_gmt":"2025-11-07T20:59:06","guid":{"rendered":"https:\/\/www.ernstbrunn-apotheke.at\/katalog\/produkt\/dr-hauschka-lippenpflege-stift-49-g\/"},"modified":"2025-12-08T14:23:21","modified_gmt":"2025-12-08T13:23:21","slug":"dr-hauschka-lippenpflege-stift-49-g","status":"publish","type":"product","link":"https:\/\/www.ernstbrunn-apotheke.at\/katalog\/produkt\/dr-hauschka-lippenpflege-stift-49-g\/","title":{"rendered":"Dr. Hauschka Lippenpflege Stift 4,9 g"},"content":{"rendered":"<p>Den zarten und zu Trockenheit neigenden Lippen bietet das Lippengold den idealen Schutz. Die Komposition mit Sheabutter, Bienenwachs, Mandel\u00f6l und Wundklee pflegt und bewahrt die empfindliche Lippenhaut vor Umwelteinfl\u00fcssen. Der praktische Begleiter f\u00fcr unterwegs schenkt geschmeidig zarte Lippen.<\/p>\n","protected":false},"excerpt":{"rendered":"<p>Den zarten und zu Trockenheit neigenden Lippen bietet das Lippengold den idealen Schutz. Die Komposition mit Sheabutter, Bienenwachs, Mandel\u00f6l und Wundklee pflegt und bewahrt die empfindliche Lippenhaut vor Umwelteinfl\u00fcssen. Der praktische Begleiter f\u00fcr unterwegs schenkt geschmeidig zarte Lippen.<\/p>\n","protected":false},"featured_media":21444,"template":"","meta":{"_acf_changed":false},"product_brand":[679],"product_cat":[792],"product_tag":[],"class_list":{"0":"post-21442","1":"product","2":"type-product","3":"status-publish","4":"has-post-thumbnail","6":"product_brand-dr-hauschka","7":"product_cat-d","8":"pa_packungsgroesse-4g","10":"first","11":"instock","12":"shipping-taxable","13":"purchasable","14":"product-type-simple"},"acf":[],"_links":{"self":[{"href":"https:\/\/www.ernstbrunn-apotheke.at\/katalog\/wp-json\/wp\/v2\/product\/21442","targetHints":{"allow":["GET"]}}],"collection":[{"href":"https:\/\/www.ernstbrunn-apotheke.at\/katalog\/wp-json\/wp\/v2\/product"}],"about":[{"href":"https:\/\/www.ernstbrunn-apotheke.at\/katalog\/wp-json\/wp\/v2\/types\/product"}],"wp:featuredmedia":[{"embeddable":true,"href":"https:\/\/www.ernstbrunn-apotheke.at\/katalog\/wp-json\/wp\/v2\/media\/21444"}],"wp:attachment":[{"href":"https:\/\/www.ernstbrunn-apotheke.at\/katalog\/wp-json\/wp\/v2\/media?parent=21442"}],"wp:term":[{"taxonomy":"product_brand","embeddable":true,"href":"https:\/\/www.ernstbrunn-apotheke.at\/katalog\/wp-json\/wp\/v2\/product_brand?post=21442"},{"taxonomy":"product_cat","embeddable":true,"href":"https:\/\/www.ernstbrunn-apotheke.at\/katalog\/wp-json\/wp\/v2\/product_cat?post=21442"},{"taxonomy":"product_tag","embeddable":true,"href":"https:\/\/www.ernstbrunn-apotheke.at\/katalog\/wp-json\/wp\/v2\/product_tag?post=21442"}],"curies":[{"name":"wp","href":"https:\/\/api.w.org\/{rel}","templated":true}]}}