{"id":21364,"date":"2025-11-07T21:58:09","date_gmt":"2025-11-07T20:58:09","guid":{"rendered":"https:\/\/www.ernstbrunn-apotheke.at\/katalog\/produkt\/dermovitamina-ragadi-fuer-haende-und-fuesse-7-ml\/"},"modified":"2025-12-08T14:23:06","modified_gmt":"2025-12-08T13:23:06","slug":"dermovitamina-ragadi-fuer-haende-und-fuesse-7-ml","status":"publish","type":"product","link":"https:\/\/www.ernstbrunn-apotheke.at\/katalog\/produkt\/dermovitamina-ragadi-fuer-haende-und-fuesse-7-ml\/","title":{"rendered":"Dermovitamina Ragadi f\u00fcr H\u00e4nde und F\u00fc\u00dfe 7 ml"},"content":{"rendered":"<p>Dank seiner besonderen Beschaffenheit verwandelt sich DERMOVITAMINA RAGADI f&uuml;r H&auml;nde und F&uuml;&szlig;e nach dem Auftragen in einen elastischen, transparenten und wasserfesten Schutzfilm, der rasch trocknet. Dieser Film sch&uuml;tzt die Schrunde vor aggressiven Einfl&uuml;ssen von au&szlig;en, lindert den Schmerz, beg&uuml;nstigt die Heilung und verhindert, dass die Wunde sich wieder &ouml;ffnet. Die besondere Zusammensetzung von DERMOVITAMINA RAGADI f&uuml;r H&auml;nde und F&uuml;&szlig;e ist angereichert mit:<\/p>\n<ul>\n<li>Vitamin E, einem ausgezeichneten Antioxidans, das die Erneuerung der Haut beg&uuml;nstigt<\/li>\n<li>Rizinus&ouml;l, das hervorragend f&uuml;r eine weiche und elastische Schutzschicht sorgt<\/li>\n<\/ul>\n<p>Da das Produkt keine Gegenanzeigen aufweist, ist es auch zur Behandlung kleiner Schrunden und Fissuren bei diabetischem Fu&szlig; geeignet.<\/p>\n<h3>Anwendung:<\/h3>\n<ul>\n<li>Die Wunde reinigen und trocknen, bis sie nicht mehr blutet.<\/li>\n<li>Das Produkt mit dem speziellen Spatel auftragen, bis es die zu behandelnde Wunde &uuml;berzieht und gleichm&auml;&szlig;ig abdeckt.<\/li>\n<li>Einige Sekunden lang trocknen lassen.<\/li>\n<li>Die Anwendung 2- bis 3-mal t&auml;glich wiederholen, bis die Wunde vollst&auml;ndig geheilt ist.<\/li>\n<li>Zum Entfernen des Films reicht es aus, erneut einen Tropfen des Produkts auf den bereits bestehenden Film aufzutragen.<\/li>\n<li>Das Fl&auml;schchen nach der Anwendung sorgf&auml;ltig wieder verschlie&szlig;en.<\/li>\n<li>Das Produkt nach dem &Ouml;ffnen der Packung nicht l&auml;nger als 6 Monate verwenden.<\/li>\n<\/ul>\n<h3>Besondere Hinweise:<\/h3>\n<ul>\n<li>Nicht bei Kindern unter 6 Jahren anwenden.<\/li>\n<li>Au&szlig;erhalb der Reichweite von Kindern aufbewahren.<\/li>\n<li>Auf kleinen, lokal begrenzten Wunden anwenden.<\/li>\n<li>Unmittelbar nach dem Auftragen kann ein leichtes und vor&uuml;begehendes Brennen auftreten, das nach wenigen Augenblicken wieder abklingt.<\/li>\n<li>Brechen Sie im Fall einer Hautr&ouml;tung die Anwendung ab und wenden Sie sich an Ihren Arzt\/Apotheker.<\/li>\n<li>Nicht verschlucken.<\/li>\n<li>Nicht nach dem auf der Verpackung angegebenen Verfallsdatum verwenden.<\/li>\n<li>Nicht verwenden, wenn die Packung ge&ouml;ffnet oder besch&auml;digt ist.<\/li>\n<li>K&uuml;hl und trocken lagern und von Feuer oder W&auml;rmequellen fernhalten.<\/li>\n<li>Leicht entz&uuml;ndlich.<\/li>\n<li>Reizt die Augen.<\/li>\n<\/ul>\n<h4>Gegenanzeigen und Nebenwirkungen:<\/h4>\n<p>Nicht auftragen auf:<\/p>\n<ul>\n<li>blutende Wunden<\/li>\n<li>infizierte Wunden<\/li>\n<li>Verbrennungen<\/li>\n<li>Schleimh&auml;ute (Lippen, Darmausgang)<\/li>\n<li>Brust<\/li>\n<li>um die Augen herum<\/li>\n<\/ul>\n<p>Im Fall einer nachgewiesenen Empfindlichkeit gegen einen der Bestandteile nicht anwenden.<\/p>\n<h3>Inhaltsstoffe:<\/h3>\n<p>Tocopheryl Acetate, Hydroxypropyl Cellulose, Ethyl Acetate, Nitrocellulose, Isopropyl Alcohol, Castor Oil, Denat. Alcohol<\/p>\n","protected":false},"excerpt":{"rendered":"<p>Dank seiner besonderen Beschaffenheit verwandelt sich DERMOVITAMINA RAGADI f&uuml;r H&auml;nde und F&uuml;&szlig;e nach dem Auftragen in einen elastischen, transparenten und wasserfesten Schutzfilm, der rasch trocknet. Dieser Film sch&uuml;tzt die Schrunde vor aggressiven Einfl&uuml;ssen von au&szlig;en, lindert den Schmerz, beg&uuml;nstigt die Heilung und verhindert, dass die Wunde sich wieder &ouml;ffnet. Die besondere Zusammensetzung von DERMOVITAMINA RAGADI [&hellip;]<\/p>\n","protected":false},"featured_media":21366,"template":"","meta":{"_acf_changed":false},"product_brand":[],"product_cat":[792],"product_tag":[],"class_list":{"0":"post-21364","1":"product","2":"type-product","3":"status-publish","4":"has-post-thumbnail","6":"product_cat-d","7":"pa_packungsgroesse-7ml","9":"first","10":"instock","11":"shipping-taxable","12":"purchasable","13":"product-type-simple"},"acf":[],"_links":{"self":[{"href":"https:\/\/www.ernstbrunn-apotheke.at\/katalog\/wp-json\/wp\/v2\/product\/21364","targetHints":{"allow":["GET"]}}],"collection":[{"href":"https:\/\/www.ernstbrunn-apotheke.at\/katalog\/wp-json\/wp\/v2\/product"}],"about":[{"href":"https:\/\/www.ernstbrunn-apotheke.at\/katalog\/wp-json\/wp\/v2\/types\/product"}],"wp:featuredmedia":[{"embeddable":true,"href":"https:\/\/www.ernstbrunn-apotheke.at\/katalog\/wp-json\/wp\/v2\/media\/21366"}],"wp:attachment":[{"href":"https:\/\/www.ernstbrunn-apotheke.at\/katalog\/wp-json\/wp\/v2\/media?parent=21364"}],"wp:term":[{"taxonomy":"product_brand","embeddable":true,"href":"https:\/\/www.ernstbrunn-apotheke.at\/katalog\/wp-json\/wp\/v2\/product_brand?post=21364"},{"taxonomy":"product_cat","embeddable":true,"href":"https:\/\/www.ernstbrunn-apotheke.at\/katalog\/wp-json\/wp\/v2\/product_cat?post=21364"},{"taxonomy":"product_tag","embeddable":true,"href":"https:\/\/www.ernstbrunn-apotheke.at\/katalog\/wp-json\/wp\/v2\/product_tag?post=21364"}],"curies":[{"name":"wp","href":"https:\/\/api.w.org\/{rel}","templated":true}]}}