{"id":21356,"date":"2025-11-07T21:58:09","date_gmt":"2025-11-07T20:58:09","guid":{"rendered":"https:\/\/www.ernstbrunn-apotheke.at\/katalog\/produkt\/la-roche-posay-hydreane-bb-cream-mittel-40-ml\/"},"modified":"2025-12-08T14:23:04","modified_gmt":"2025-12-08T13:23:04","slug":"la-roche-posay-hydreane-bb-cream-mittel-40-ml","status":"publish","type":"product","link":"https:\/\/www.ernstbrunn-apotheke.at\/katalog\/produkt\/la-roche-posay-hydreane-bb-cream-mittel-40-ml\/","title":{"rendered":"La Roche-Posay Hydreane BB Cream Mittel 40 ml"},"content":{"rendered":"<p>La Roche-Posay Hydreane Bb Creme ist eine 6-in-1 Gesichtspflege, die empfindliche Haut nicht nur sch\u00fctzt und pflegt, sondern ihr auch sofort einen ebenm\u00e4\u00dfigeren, strahlenden und frischen Teint verleiht. Hierzu vereint die Creme gleich 6 Wirkungen in einem praktischen Allround-Produkt f\u00fcr jeden Hauttyp und jedes Alter.<\/p>\n","protected":false},"excerpt":{"rendered":"<p>La Roche-Posay Hydreane Bb Creme ist eine 6-in-1 Gesichtspflege, die empfindliche Haut nicht nur sch\u00fctzt und pflegt, sondern ihr auch sofort einen ebenm\u00e4\u00dfigeren, strahlenden und frischen Teint verleiht. Hierzu vereint die Creme gleich 6 Wirkungen in einem praktischen Allround-Produkt f\u00fcr jeden Hauttyp und jedes Alter.<\/p>\n","protected":false},"featured_media":21358,"template":"","meta":{"_acf_changed":false},"product_brand":[677],"product_cat":[795],"product_tag":[],"class_list":{"0":"post-21356","1":"product","2":"type-product","3":"status-publish","4":"has-post-thumbnail","6":"product_brand-la-roche-posay","7":"product_cat-l","8":"pa_farbe-hell","9":"pa_farbe-mittel","10":"pa_packungsgroesse-40ml","12":"first","13":"instock","14":"shipping-taxable","15":"purchasable","16":"product-type-simple"},"acf":[],"_links":{"self":[{"href":"https:\/\/www.ernstbrunn-apotheke.at\/katalog\/wp-json\/wp\/v2\/product\/21356","targetHints":{"allow":["GET"]}}],"collection":[{"href":"https:\/\/www.ernstbrunn-apotheke.at\/katalog\/wp-json\/wp\/v2\/product"}],"about":[{"href":"https:\/\/www.ernstbrunn-apotheke.at\/katalog\/wp-json\/wp\/v2\/types\/product"}],"wp:featuredmedia":[{"embeddable":true,"href":"https:\/\/www.ernstbrunn-apotheke.at\/katalog\/wp-json\/wp\/v2\/media\/21358"}],"wp:attachment":[{"href":"https:\/\/www.ernstbrunn-apotheke.at\/katalog\/wp-json\/wp\/v2\/media?parent=21356"}],"wp:term":[{"taxonomy":"product_brand","embeddable":true,"href":"https:\/\/www.ernstbrunn-apotheke.at\/katalog\/wp-json\/wp\/v2\/product_brand?post=21356"},{"taxonomy":"product_cat","embeddable":true,"href":"https:\/\/www.ernstbrunn-apotheke.at\/katalog\/wp-json\/wp\/v2\/product_cat?post=21356"},{"taxonomy":"product_tag","embeddable":true,"href":"https:\/\/www.ernstbrunn-apotheke.at\/katalog\/wp-json\/wp\/v2\/product_tag?post=21356"}],"curies":[{"name":"wp","href":"https:\/\/api.w.org\/{rel}","templated":true}]}}