{"id":21350,"date":"2025-11-07T21:58:09","date_gmt":"2025-11-07T20:58:09","guid":{"rendered":"https:\/\/www.ernstbrunn-apotheke.at\/katalog\/produkt\/viva-skin-creme-30-g\/"},"modified":"2025-12-08T14:23:02","modified_gmt":"2025-12-08T13:23:02","slug":"viva-skin-creme-30-g","status":"publish","type":"product","link":"https:\/\/www.ernstbrunn-apotheke.at\/katalog\/produkt\/viva-skin-creme-30-g\/","title":{"rendered":"Viva Skin Creme 30 g"},"content":{"rendered":"<p>VIVA SKIN\u00ae Creme ist die sanfte Hilfe bei trockener Haut. Als Wasser-\u00d6l-Emulsion, das hei\u00dft mehr Feuchtigkeit, weniger \u00d6lgehalt, wirkt die Creme angenehm k\u00fchlend auf anspruchsvolle Haut &#8211; ohne zu fetten..<\/p>\n","protected":false},"excerpt":{"rendered":"<p>VIVA SKIN\u00ae Creme ist die sanfte Hilfe bei trockener Haut. Als Wasser-\u00d6l-Emulsion, das hei\u00dft mehr Feuchtigkeit, weniger \u00d6lgehalt, wirkt die Creme angenehm k\u00fchlend auf anspruchsvolle Haut &#8211; ohne zu fetten..<\/p>\n","protected":false},"featured_media":21352,"template":"","meta":{"_acf_changed":false},"product_brand":[],"product_cat":[799],"product_tag":[],"class_list":{"0":"post-21350","1":"product","2":"type-product","3":"status-publish","4":"has-post-thumbnail","6":"product_cat-v","7":"pa_packungsgroesse-30g","9":"first","10":"instock","11":"shipping-taxable","12":"purchasable","13":"product-type-simple"},"acf":[],"_links":{"self":[{"href":"https:\/\/www.ernstbrunn-apotheke.at\/katalog\/wp-json\/wp\/v2\/product\/21350","targetHints":{"allow":["GET"]}}],"collection":[{"href":"https:\/\/www.ernstbrunn-apotheke.at\/katalog\/wp-json\/wp\/v2\/product"}],"about":[{"href":"https:\/\/www.ernstbrunn-apotheke.at\/katalog\/wp-json\/wp\/v2\/types\/product"}],"wp:featuredmedia":[{"embeddable":true,"href":"https:\/\/www.ernstbrunn-apotheke.at\/katalog\/wp-json\/wp\/v2\/media\/21352"}],"wp:attachment":[{"href":"https:\/\/www.ernstbrunn-apotheke.at\/katalog\/wp-json\/wp\/v2\/media?parent=21350"}],"wp:term":[{"taxonomy":"product_brand","embeddable":true,"href":"https:\/\/www.ernstbrunn-apotheke.at\/katalog\/wp-json\/wp\/v2\/product_brand?post=21350"},{"taxonomy":"product_cat","embeddable":true,"href":"https:\/\/www.ernstbrunn-apotheke.at\/katalog\/wp-json\/wp\/v2\/product_cat?post=21350"},{"taxonomy":"product_tag","embeddable":true,"href":"https:\/\/www.ernstbrunn-apotheke.at\/katalog\/wp-json\/wp\/v2\/product_tag?post=21350"}],"curies":[{"name":"wp","href":"https:\/\/api.w.org\/{rel}","templated":true}]}}