{"id":21322,"date":"2025-11-07T21:58:09","date_gmt":"2025-11-07T20:58:09","guid":{"rendered":"https:\/\/www.ernstbrunn-apotheke.at\/katalog\/produkt\/celyoung-anti-aging-creme\/"},"modified":"2025-12-08T14:22:57","modified_gmt":"2025-12-08T13:22:57","slug":"celyoung-anti-aging-creme","status":"publish","type":"product","link":"https:\/\/www.ernstbrunn-apotheke.at\/katalog\/produkt\/celyoung-anti-aging-creme\/","title":{"rendered":"Celyoung Anti Aging Creme"},"content":{"rendered":"<p>Celyoung Anti Aging Creme 50 ml steigert die Hautfeuchtigkeit und verringert die Faltentiefe indem sie der Haut wichtige Wirkstoffe f\u00fcr ihre Regenerationsprozesse zur Verf\u00fcgung stellt. Sie unterst\u00fctzt mit Coenzym Q-10 und nat\u00fcrlichem Teeextrakt die k\u00f6rpereigenen Hautfunktionen und liefert wichtige Bausteine f\u00fcr den Hautschutz. Die Haut wird elastischer und man bekommt ein gutes Hautgef\u00fchl.<\/p>\n","protected":false},"excerpt":{"rendered":"<p>Celyoung Anti Aging Creme 50 ml steigert die Hautfeuchtigkeit und verringert die Faltentiefe indem sie der Haut wichtige Wirkstoffe f\u00fcr ihre Regenerationsprozesse zur Verf\u00fcgung stellt. Sie unterst\u00fctzt mit Coenzym Q-10 und nat\u00fcrlichem Teeextrakt die k\u00f6rpereigenen Hautfunktionen und liefert wichtige Bausteine f\u00fcr den Hautschutz. Die Haut wird elastischer und man bekommt ein gutes Hautgef\u00fchl.<\/p>\n","protected":false},"featured_media":21324,"template":"","meta":{"_acf_changed":false},"product_brand":[690],"product_cat":[812],"product_tag":[],"class_list":{"0":"post-21322","1":"product","2":"type-product","3":"status-publish","4":"has-post-thumbnail","6":"product_brand-celyoung","7":"product_cat-c","8":"pa_packungsgroesse-100ml","9":"pa_packungsgroesse-50ml","11":"first","12":"instock","13":"shipping-taxable","14":"purchasable","15":"product-type-simple"},"acf":[],"_links":{"self":[{"href":"https:\/\/www.ernstbrunn-apotheke.at\/katalog\/wp-json\/wp\/v2\/product\/21322","targetHints":{"allow":["GET"]}}],"collection":[{"href":"https:\/\/www.ernstbrunn-apotheke.at\/katalog\/wp-json\/wp\/v2\/product"}],"about":[{"href":"https:\/\/www.ernstbrunn-apotheke.at\/katalog\/wp-json\/wp\/v2\/types\/product"}],"wp:featuredmedia":[{"embeddable":true,"href":"https:\/\/www.ernstbrunn-apotheke.at\/katalog\/wp-json\/wp\/v2\/media\/21324"}],"wp:attachment":[{"href":"https:\/\/www.ernstbrunn-apotheke.at\/katalog\/wp-json\/wp\/v2\/media?parent=21322"}],"wp:term":[{"taxonomy":"product_brand","embeddable":true,"href":"https:\/\/www.ernstbrunn-apotheke.at\/katalog\/wp-json\/wp\/v2\/product_brand?post=21322"},{"taxonomy":"product_cat","embeddable":true,"href":"https:\/\/www.ernstbrunn-apotheke.at\/katalog\/wp-json\/wp\/v2\/product_cat?post=21322"},{"taxonomy":"product_tag","embeddable":true,"href":"https:\/\/www.ernstbrunn-apotheke.at\/katalog\/wp-json\/wp\/v2\/product_tag?post=21322"}],"curies":[{"name":"wp","href":"https:\/\/api.w.org\/{rel}","templated":true}]}}