{"id":21292,"date":"2025-11-07T21:58:09","date_gmt":"2025-11-07T20:58:09","guid":{"rendered":"https:\/\/www.ernstbrunn-apotheke.at\/katalog\/produkt\/avene-physiolift-augen-15-ml\/"},"modified":"2025-12-08T14:22:52","modified_gmt":"2025-12-08T13:22:52","slug":"avene-physiolift-augen-15-ml","status":"publish","type":"product","link":"https:\/\/www.ernstbrunn-apotheke.at\/katalog\/produkt\/avene-physiolift-augen-15-ml\/","title":{"rendered":"Av\u00e8ne Physiolift Augen 15 ml"},"content":{"rendered":"<p>Als Begrnder des dermokosmetischen Konzepts entwirft und entwickelt Pierre Fabre Dermo-Cosmetique die innovativsten und gezieltesten L\u00f6sungen f\u00fcr die Hygiene, Pflege und Sch\u00f6nheit von Haut, Haar und Kopfhaut. Dazu wird eine gro\u00e1e Auswahl an sieben komplement\u00e4ren Premiummarken angeboten.<\/p>\n","protected":false},"excerpt":{"rendered":"<p>Als Begrnder des dermokosmetischen Konzepts entwirft und entwickelt Pierre Fabre Dermo-Cosmetique die innovativsten und gezieltesten L\u00f6sungen f\u00fcr die Hygiene, Pflege und Sch\u00f6nheit von Haut, Haar und Kopfhaut. Dazu wird eine gro\u00e1e Auswahl an sieben komplement\u00e4ren Premiummarken angeboten.<\/p>\n","protected":false},"featured_media":21294,"template":"","meta":{"_acf_changed":false},"product_brand":[682],"product_cat":[801],"product_tag":[],"class_list":{"0":"post-21292","1":"product","2":"type-product","3":"status-publish","4":"has-post-thumbnail","6":"product_brand-avene","7":"product_cat-a","8":"pa_packungsgroesse-15ml","10":"first","11":"instock","12":"shipping-taxable","13":"purchasable","14":"product-type-simple"},"acf":[],"_links":{"self":[{"href":"https:\/\/www.ernstbrunn-apotheke.at\/katalog\/wp-json\/wp\/v2\/product\/21292","targetHints":{"allow":["GET"]}}],"collection":[{"href":"https:\/\/www.ernstbrunn-apotheke.at\/katalog\/wp-json\/wp\/v2\/product"}],"about":[{"href":"https:\/\/www.ernstbrunn-apotheke.at\/katalog\/wp-json\/wp\/v2\/types\/product"}],"wp:featuredmedia":[{"embeddable":true,"href":"https:\/\/www.ernstbrunn-apotheke.at\/katalog\/wp-json\/wp\/v2\/media\/21294"}],"wp:attachment":[{"href":"https:\/\/www.ernstbrunn-apotheke.at\/katalog\/wp-json\/wp\/v2\/media?parent=21292"}],"wp:term":[{"taxonomy":"product_brand","embeddable":true,"href":"https:\/\/www.ernstbrunn-apotheke.at\/katalog\/wp-json\/wp\/v2\/product_brand?post=21292"},{"taxonomy":"product_cat","embeddable":true,"href":"https:\/\/www.ernstbrunn-apotheke.at\/katalog\/wp-json\/wp\/v2\/product_cat?post=21292"},{"taxonomy":"product_tag","embeddable":true,"href":"https:\/\/www.ernstbrunn-apotheke.at\/katalog\/wp-json\/wp\/v2\/product_tag?post=21292"}],"curies":[{"name":"wp","href":"https:\/\/api.w.org\/{rel}","templated":true}]}}