{"id":21288,"date":"2025-11-07T21:58:09","date_gmt":"2025-11-07T20:58:09","guid":{"rendered":"https:\/\/www.ernstbrunn-apotheke.at\/katalog\/produkt\/vichy-aqualia-thermal-feuchtigkeits-serum\/"},"modified":"2025-12-08T14:22:51","modified_gmt":"2025-12-08T13:22:51","slug":"vichy-aqualia-thermal-feuchtigkeits-serum","status":"publish","type":"product","link":"https:\/\/www.ernstbrunn-apotheke.at\/katalog\/produkt\/vichy-aqualia-thermal-feuchtigkeits-serum\/","title":{"rendered":"Vichy AQUALIA THERMAL Feuchtigkeits-Serum"},"content":{"rendered":"<p>VICHY\u00ae Aqualia Thermal Serum versorgt empfindliche Haut intensiv mit Feuchtigkeit, beruhigt und kr\u00e4ftigt sie. Die Haut wird weniger empfindlich, f\u00fchlt sich zart an und sieht sichtbar sch\u00f6ner aus.<\/p>\n","protected":false},"excerpt":{"rendered":"<p>VICHY\u00ae Aqualia Thermal Serum versorgt empfindliche Haut intensiv mit Feuchtigkeit, beruhigt und kr\u00e4ftigt sie. Die Haut wird weniger empfindlich, f\u00fchlt sich zart an und sieht sichtbar sch\u00f6ner aus.<\/p>\n","protected":false},"featured_media":21290,"template":"","meta":{"_acf_changed":false},"product_brand":[675],"product_cat":[799],"product_tag":[],"class_list":{"0":"post-21288","1":"product","2":"type-product","3":"status-publish","4":"has-post-thumbnail","6":"product_brand-vichy","7":"product_cat-v","8":"pa_packungsgroesse-30ml","10":"first","11":"instock","12":"shipping-taxable","13":"purchasable","14":"product-type-simple"},"acf":[],"_links":{"self":[{"href":"https:\/\/www.ernstbrunn-apotheke.at\/katalog\/wp-json\/wp\/v2\/product\/21288","targetHints":{"allow":["GET"]}}],"collection":[{"href":"https:\/\/www.ernstbrunn-apotheke.at\/katalog\/wp-json\/wp\/v2\/product"}],"about":[{"href":"https:\/\/www.ernstbrunn-apotheke.at\/katalog\/wp-json\/wp\/v2\/types\/product"}],"wp:featuredmedia":[{"embeddable":true,"href":"https:\/\/www.ernstbrunn-apotheke.at\/katalog\/wp-json\/wp\/v2\/media\/21290"}],"wp:attachment":[{"href":"https:\/\/www.ernstbrunn-apotheke.at\/katalog\/wp-json\/wp\/v2\/media?parent=21288"}],"wp:term":[{"taxonomy":"product_brand","embeddable":true,"href":"https:\/\/www.ernstbrunn-apotheke.at\/katalog\/wp-json\/wp\/v2\/product_brand?post=21288"},{"taxonomy":"product_cat","embeddable":true,"href":"https:\/\/www.ernstbrunn-apotheke.at\/katalog\/wp-json\/wp\/v2\/product_cat?post=21288"},{"taxonomy":"product_tag","embeddable":true,"href":"https:\/\/www.ernstbrunn-apotheke.at\/katalog\/wp-json\/wp\/v2\/product_tag?post=21288"}],"curies":[{"name":"wp","href":"https:\/\/api.w.org\/{rel}","templated":true}]}}