{"id":21274,"date":"2025-11-07T21:57:16","date_gmt":"2025-11-07T20:57:16","guid":{"rendered":"https:\/\/www.ernstbrunn-apotheke.at\/katalog\/produkt\/la-roche-posay-pigmentclar-uv-lsf-30-40-ml\/"},"modified":"2025-12-08T14:22:48","modified_gmt":"2025-12-08T13:22:48","slug":"la-roche-posay-pigmentclar-uv-lsf-30-40-ml","status":"publish","type":"product","link":"https:\/\/www.ernstbrunn-apotheke.at\/katalog\/produkt\/la-roche-posay-pigmentclar-uv-lsf-30-40-ml\/","title":{"rendered":"La Roche-Posay Pigmentclar UV LSF 30 40 ml"},"content":{"rendered":"<p>La Roche-Posay Pigment Ausgleich Pflege UV wird bei \u00fcberm\u00e4\u00dfiger Pigmentierung sowie Altersflecken und bei fahlem, ungleichm\u00e4\u00dfigem Teint angewendet. Die Pflege eignet sich f\u00fcr das Gesicht, das Dekollet\u00e9 und den Handr\u00fccken. T\u00e4gliche Umweltbelastungen und UVA-Strahlen setzen die Haut oxidativem Stress aus und k\u00f6nnen zur Entstehung von Pigmentflecken und einem fahlen Teint f\u00fchren.<\/p>\n","protected":false},"excerpt":{"rendered":"<p>La Roche-Posay Pigment Ausgleich Pflege UV wird bei \u00fcberm\u00e4\u00dfiger Pigmentierung sowie Altersflecken und bei fahlem, ungleichm\u00e4\u00dfigem Teint angewendet. Die Pflege eignet sich f\u00fcr das Gesicht, das Dekollet\u00e9 und den Handr\u00fccken. T\u00e4gliche Umweltbelastungen und UVA-Strahlen setzen die Haut oxidativem Stress aus und k\u00f6nnen zur Entstehung von Pigmentflecken und einem fahlen Teint f\u00fchren.<\/p>\n","protected":false},"featured_media":21276,"template":"","meta":{"_acf_changed":false},"product_brand":[677],"product_cat":[795],"product_tag":[],"class_list":{"0":"post-21274","1":"product","2":"type-product","3":"status-publish","4":"has-post-thumbnail","6":"product_brand-la-roche-posay","7":"product_cat-l","8":"pa_packungsgroesse-40ml","10":"first","11":"instock","12":"shipping-taxable","13":"purchasable","14":"product-type-simple"},"acf":[],"_links":{"self":[{"href":"https:\/\/www.ernstbrunn-apotheke.at\/katalog\/wp-json\/wp\/v2\/product\/21274","targetHints":{"allow":["GET"]}}],"collection":[{"href":"https:\/\/www.ernstbrunn-apotheke.at\/katalog\/wp-json\/wp\/v2\/product"}],"about":[{"href":"https:\/\/www.ernstbrunn-apotheke.at\/katalog\/wp-json\/wp\/v2\/types\/product"}],"wp:featuredmedia":[{"embeddable":true,"href":"https:\/\/www.ernstbrunn-apotheke.at\/katalog\/wp-json\/wp\/v2\/media\/21276"}],"wp:attachment":[{"href":"https:\/\/www.ernstbrunn-apotheke.at\/katalog\/wp-json\/wp\/v2\/media?parent=21274"}],"wp:term":[{"taxonomy":"product_brand","embeddable":true,"href":"https:\/\/www.ernstbrunn-apotheke.at\/katalog\/wp-json\/wp\/v2\/product_brand?post=21274"},{"taxonomy":"product_cat","embeddable":true,"href":"https:\/\/www.ernstbrunn-apotheke.at\/katalog\/wp-json\/wp\/v2\/product_cat?post=21274"},{"taxonomy":"product_tag","embeddable":true,"href":"https:\/\/www.ernstbrunn-apotheke.at\/katalog\/wp-json\/wp\/v2\/product_tag?post=21274"}],"curies":[{"name":"wp","href":"https:\/\/api.w.org\/{rel}","templated":true}]}}