{"id":21250,"date":"2025-11-07T21:57:16","date_gmt":"2025-11-07T20:57:16","guid":{"rendered":"https:\/\/www.ernstbrunn-apotheke.at\/katalog\/produkt\/vichy-nutrilogie-1-aufbaucreme-fuer-trockene-haut\/"},"modified":"2025-12-08T14:22:44","modified_gmt":"2025-12-08T13:22:44","slug":"vichy-nutrilogie-1-aufbaucreme-fuer-trockene-haut","status":"publish","type":"product","link":"https:\/\/www.ernstbrunn-apotheke.at\/katalog\/produkt\/vichy-nutrilogie-1-aufbaucreme-fuer-trockene-haut\/","title":{"rendered":"Vichy NUTRILOGIE 1 Aufbaucreme f\u00fcr trockene Haut"},"content":{"rendered":"<p>VICHY Nutrilogie 1 Intensiv-Aufbaupflege f\u00fcr trockene Haut sorgt f\u00fcr sofortiges Wohlbefinden der Haut ohne Spannungsgef\u00fchle \u2013 24 Stunden lang. Eine \u201enormalisierte\u201c Haut zeigten 44% der Testpersonen mit trockener Haut nach nur 4-w\u00f6chiger Behandlung (multizentrische Studie).<\/p>\n","protected":false},"excerpt":{"rendered":"<p>VICHY Nutrilogie 1 Intensiv-Aufbaupflege f\u00fcr trockene Haut sorgt f\u00fcr sofortiges Wohlbefinden der Haut ohne Spannungsgef\u00fchle \u2013 24 Stunden lang. Eine \u201enormalisierte\u201c Haut zeigten 44% der Testpersonen mit trockener Haut nach nur 4-w\u00f6chiger Behandlung (multizentrische Studie).<\/p>\n","protected":false},"featured_media":21252,"template":"","meta":{"_acf_changed":false},"product_brand":[675],"product_cat":[799],"product_tag":[],"class_list":{"0":"post-21250","1":"product","2":"type-product","3":"status-publish","4":"has-post-thumbnail","6":"product_brand-vichy","7":"product_cat-v","8":"pa_packungsgroesse-50ml","10":"first","11":"instock","12":"shipping-taxable","13":"purchasable","14":"product-type-simple"},"acf":[],"_links":{"self":[{"href":"https:\/\/www.ernstbrunn-apotheke.at\/katalog\/wp-json\/wp\/v2\/product\/21250","targetHints":{"allow":["GET"]}}],"collection":[{"href":"https:\/\/www.ernstbrunn-apotheke.at\/katalog\/wp-json\/wp\/v2\/product"}],"about":[{"href":"https:\/\/www.ernstbrunn-apotheke.at\/katalog\/wp-json\/wp\/v2\/types\/product"}],"wp:featuredmedia":[{"embeddable":true,"href":"https:\/\/www.ernstbrunn-apotheke.at\/katalog\/wp-json\/wp\/v2\/media\/21252"}],"wp:attachment":[{"href":"https:\/\/www.ernstbrunn-apotheke.at\/katalog\/wp-json\/wp\/v2\/media?parent=21250"}],"wp:term":[{"taxonomy":"product_brand","embeddable":true,"href":"https:\/\/www.ernstbrunn-apotheke.at\/katalog\/wp-json\/wp\/v2\/product_brand?post=21250"},{"taxonomy":"product_cat","embeddable":true,"href":"https:\/\/www.ernstbrunn-apotheke.at\/katalog\/wp-json\/wp\/v2\/product_cat?post=21250"},{"taxonomy":"product_tag","embeddable":true,"href":"https:\/\/www.ernstbrunn-apotheke.at\/katalog\/wp-json\/wp\/v2\/product_tag?post=21250"}],"curies":[{"name":"wp","href":"https:\/\/api.w.org\/{rel}","templated":true}]}}