{"id":21246,"date":"2025-11-07T21:57:16","date_gmt":"2025-11-07T20:57:16","guid":{"rendered":"https:\/\/www.ernstbrunn-apotheke.at\/katalog\/produkt\/vichy-mineral-maske-hauterneuernde-maske-6ml-sachet-2-stueck\/"},"modified":"2025-12-08T14:22:43","modified_gmt":"2025-12-08T13:22:43","slug":"vichy-mineral-maske-hauterneuernde-maske-6ml-sachet-2-stueck","status":"publish","type":"product","link":"https:\/\/www.ernstbrunn-apotheke.at\/katalog\/produkt\/vichy-mineral-maske-hauterneuernde-maske-6ml-sachet-2-stueck\/","title":{"rendered":"Vichy MINERAL-MASKE Hauterneuernde Maske &#8211; 6ml Sachet 2 St\u00fcck"},"content":{"rendered":"<p>Die hauterneuernde Mineral-Maske von VICHY mit Vulkangestein und Fruchts\u00e4ure (AHA) bek\u00e4mpft sanft abgestorbene Zellen, verfeinert das Hautbild und schenkt dem Teint frische Ausstrahlung.<\/p>\n","protected":false},"excerpt":{"rendered":"<p>Die hauterneuernde Mineral-Maske von VICHY mit Vulkangestein und Fruchts\u00e4ure (AHA) bek\u00e4mpft sanft abgestorbene Zellen, verfeinert das Hautbild und schenkt dem Teint frische Ausstrahlung.<\/p>\n","protected":false},"featured_media":21248,"template":"","meta":{"_acf_changed":false},"product_brand":[675],"product_cat":[799],"product_tag":[],"class_list":{"0":"post-21246","1":"product","2":"type-product","3":"status-publish","4":"has-post-thumbnail","6":"product_brand-vichy","7":"product_cat-v","8":"pa_packungsgroesse-2-stueck","10":"first","11":"instock","12":"shipping-taxable","13":"purchasable","14":"product-type-simple"},"acf":[],"_links":{"self":[{"href":"https:\/\/www.ernstbrunn-apotheke.at\/katalog\/wp-json\/wp\/v2\/product\/21246","targetHints":{"allow":["GET"]}}],"collection":[{"href":"https:\/\/www.ernstbrunn-apotheke.at\/katalog\/wp-json\/wp\/v2\/product"}],"about":[{"href":"https:\/\/www.ernstbrunn-apotheke.at\/katalog\/wp-json\/wp\/v2\/types\/product"}],"wp:featuredmedia":[{"embeddable":true,"href":"https:\/\/www.ernstbrunn-apotheke.at\/katalog\/wp-json\/wp\/v2\/media\/21248"}],"wp:attachment":[{"href":"https:\/\/www.ernstbrunn-apotheke.at\/katalog\/wp-json\/wp\/v2\/media?parent=21246"}],"wp:term":[{"taxonomy":"product_brand","embeddable":true,"href":"https:\/\/www.ernstbrunn-apotheke.at\/katalog\/wp-json\/wp\/v2\/product_brand?post=21246"},{"taxonomy":"product_cat","embeddable":true,"href":"https:\/\/www.ernstbrunn-apotheke.at\/katalog\/wp-json\/wp\/v2\/product_cat?post=21246"},{"taxonomy":"product_tag","embeddable":true,"href":"https:\/\/www.ernstbrunn-apotheke.at\/katalog\/wp-json\/wp\/v2\/product_tag?post=21246"}],"curies":[{"name":"wp","href":"https:\/\/api.w.org\/{rel}","templated":true}]}}