{"id":21225,"date":"2025-11-07T21:57:16","date_gmt":"2025-11-07T20:57:16","guid":{"rendered":"https:\/\/www.ernstbrunn-apotheke.at\/katalog\/produkt\/vichy-slow-age-taeglich-staerkende-augenpflege-gegen-hautalterungszeichen\/"},"modified":"2025-12-08T14:22:37","modified_gmt":"2025-12-08T13:22:37","slug":"vichy-slow-age-taeglich-staerkende-augenpflege-gegen-hautalterungszeichen","status":"publish","type":"product","link":"https:\/\/www.ernstbrunn-apotheke.at\/katalog\/produkt\/vichy-slow-age-taeglich-staerkende-augenpflege-gegen-hautalterungszeichen\/","title":{"rendered":"Vichy SLOW AGE t\u00e4glich st\u00e4rkende Augenpflege gegen Hautalterungszeichen"},"content":{"rendered":"<p>T\u00e4glich st\u00e4rkende Augenpflege gegen Hautalterungszeichen in ihrer Entstehung. Mildert Augenschatten, Augenringe und reduziert Schwellungen und Tr\u00e4nens\u00e4cke. Mit Ginkgo Biloba und Thermalwasser von Vichy. Vertr\u00e4glichkeit dermatologisch getestet<\/p>\n","protected":false},"excerpt":{"rendered":"<p>T\u00e4glich st\u00e4rkende Augenpflege gegen Hautalterungszeichen in ihrer Entstehung. Mildert Augenschatten, Augenringe und reduziert Schwellungen und Tr\u00e4nens\u00e4cke. Mit Ginkgo Biloba und Thermalwasser von Vichy. Vertr\u00e4glichkeit dermatologisch getestet<\/p>\n","protected":false},"featured_media":21227,"template":"","meta":{"_acf_changed":false},"product_brand":[675],"product_cat":[799],"product_tag":[],"class_list":{"0":"post-21225","1":"product","2":"type-product","3":"status-publish","4":"has-post-thumbnail","6":"product_brand-vichy","7":"product_cat-v","8":"pa_packungsgroesse-15ml","10":"first","11":"instock","12":"shipping-taxable","13":"purchasable","14":"product-type-simple"},"acf":[],"_links":{"self":[{"href":"https:\/\/www.ernstbrunn-apotheke.at\/katalog\/wp-json\/wp\/v2\/product\/21225","targetHints":{"allow":["GET"]}}],"collection":[{"href":"https:\/\/www.ernstbrunn-apotheke.at\/katalog\/wp-json\/wp\/v2\/product"}],"about":[{"href":"https:\/\/www.ernstbrunn-apotheke.at\/katalog\/wp-json\/wp\/v2\/types\/product"}],"wp:featuredmedia":[{"embeddable":true,"href":"https:\/\/www.ernstbrunn-apotheke.at\/katalog\/wp-json\/wp\/v2\/media\/21227"}],"wp:attachment":[{"href":"https:\/\/www.ernstbrunn-apotheke.at\/katalog\/wp-json\/wp\/v2\/media?parent=21225"}],"wp:term":[{"taxonomy":"product_brand","embeddable":true,"href":"https:\/\/www.ernstbrunn-apotheke.at\/katalog\/wp-json\/wp\/v2\/product_brand?post=21225"},{"taxonomy":"product_cat","embeddable":true,"href":"https:\/\/www.ernstbrunn-apotheke.at\/katalog\/wp-json\/wp\/v2\/product_cat?post=21225"},{"taxonomy":"product_tag","embeddable":true,"href":"https:\/\/www.ernstbrunn-apotheke.at\/katalog\/wp-json\/wp\/v2\/product_tag?post=21225"}],"curies":[{"name":"wp","href":"https:\/\/api.w.org\/{rel}","templated":true}]}}