{"id":21148,"date":"2025-11-07T21:56:28","date_gmt":"2025-11-07T20:56:28","guid":{"rendered":"https:\/\/www.ernstbrunn-apotheke.at\/katalog\/produkt\/vichy-aqualia-thermal-augen-balsam\/"},"modified":"2025-12-08T14:22:23","modified_gmt":"2025-12-08T13:22:23","slug":"vichy-aqualia-thermal-augen-balsam","status":"publish","type":"product","link":"https:\/\/www.ernstbrunn-apotheke.at\/katalog\/produkt\/vichy-aqualia-thermal-augen-balsam\/","title":{"rendered":"Vichy AQUALIA THERMAL Augen-Balsam"},"content":{"rendered":"<p>VICHY Aqualia Thermal Belebender Augenbalsam spendet langanhaltend Feuchtigkeit, mildert Tr\u00e4nens\u00e4cke und Augenringe, gl\u00e4ttet Trockenheitsf\u00e4ltchen. F\u00fcr einen frischen, wachen Blick den ganzen Tag.<\/p>\n","protected":false},"excerpt":{"rendered":"<p>VICHY Aqualia Thermal Belebender Augenbalsam spendet langanhaltend Feuchtigkeit, mildert Tr\u00e4nens\u00e4cke und Augenringe, gl\u00e4ttet Trockenheitsf\u00e4ltchen. F\u00fcr einen frischen, wachen Blick den ganzen Tag.<\/p>\n","protected":false},"featured_media":21150,"template":"","meta":{"_acf_changed":false},"product_brand":[675],"product_cat":[799],"product_tag":[],"class_list":{"0":"post-21148","1":"product","2":"type-product","3":"status-publish","4":"has-post-thumbnail","6":"product_brand-vichy","7":"product_cat-v","8":"pa_packungsgroesse-15ml","10":"first","11":"instock","12":"shipping-taxable","13":"purchasable","14":"product-type-simple"},"acf":[],"_links":{"self":[{"href":"https:\/\/www.ernstbrunn-apotheke.at\/katalog\/wp-json\/wp\/v2\/product\/21148","targetHints":{"allow":["GET"]}}],"collection":[{"href":"https:\/\/www.ernstbrunn-apotheke.at\/katalog\/wp-json\/wp\/v2\/product"}],"about":[{"href":"https:\/\/www.ernstbrunn-apotheke.at\/katalog\/wp-json\/wp\/v2\/types\/product"}],"wp:featuredmedia":[{"embeddable":true,"href":"https:\/\/www.ernstbrunn-apotheke.at\/katalog\/wp-json\/wp\/v2\/media\/21150"}],"wp:attachment":[{"href":"https:\/\/www.ernstbrunn-apotheke.at\/katalog\/wp-json\/wp\/v2\/media?parent=21148"}],"wp:term":[{"taxonomy":"product_brand","embeddable":true,"href":"https:\/\/www.ernstbrunn-apotheke.at\/katalog\/wp-json\/wp\/v2\/product_brand?post=21148"},{"taxonomy":"product_cat","embeddable":true,"href":"https:\/\/www.ernstbrunn-apotheke.at\/katalog\/wp-json\/wp\/v2\/product_cat?post=21148"},{"taxonomy":"product_tag","embeddable":true,"href":"https:\/\/www.ernstbrunn-apotheke.at\/katalog\/wp-json\/wp\/v2\/product_tag?post=21148"}],"curies":[{"name":"wp","href":"https:\/\/api.w.org\/{rel}","templated":true}]}}