{"id":21144,"date":"2025-11-07T21:56:28","date_gmt":"2025-11-07T20:56:28","guid":{"rendered":"https:\/\/www.ernstbrunn-apotheke.at\/katalog\/produkt\/vichy-slow-age-fluid-taeglich-staerkende-pflege-gegen-hautalterungszeichen\/"},"modified":"2025-12-08T14:22:21","modified_gmt":"2025-12-08T13:22:21","slug":"vichy-slow-age-fluid-taeglich-staerkende-pflege-gegen-hautalterungszeichen","status":"publish","type":"product","link":"https:\/\/www.ernstbrunn-apotheke.at\/katalog\/produkt\/vichy-slow-age-fluid-taeglich-staerkende-pflege-gegen-hautalterungszeichen\/","title":{"rendered":"Vichy SLOW \u00c2GE Fluid &#8211; t\u00e4glich st\u00e4rkende Pflege gegen Hautalterungszeichen"},"content":{"rendered":"<p>VICHY Slow \u00c2ge Fluid ist eine t\u00e4glich st\u00e4rkende Tagespflege mit LSF 25 und Thermalwasser von Vichy gegen Hautalterungszeichen in ihrer Entstehung. Mit Bifidus-Probiotikum und Baicalinwurzel f\u00fcr eine optimal gesch\u00fctzte Haut vor freien Radikalen.  Die Haut wird gest\u00e4rkt und optimal mit Feuchtigkeit versorgt &#8211; f\u00fcr eine jugendlich und gesund aussehende Haut. Vertr\u00e4glichkeit dermatologisch getestet. F\u00fcr empfindliche Haut geeignet -Produkte von Vichy<\/p>\n","protected":false},"excerpt":{"rendered":"<p>VICHY Slow \u00c2ge Fluid ist eine t\u00e4glich st\u00e4rkende Tagespflege mit LSF 25 und Thermalwasser von Vichy gegen Hautalterungszeichen in ihrer Entstehung. Mit Bifidus-Probiotikum und Baicalinwurzel f\u00fcr eine optimal gesch\u00fctzte Haut vor freien Radikalen. Die Haut wird gest\u00e4rkt und optimal mit Feuchtigkeit versorgt &#8211; f\u00fcr eine jugendlich und gesund aussehende Haut. Vertr\u00e4glichkeit dermatologisch getestet. F\u00fcr empfindliche [&hellip;]<\/p>\n","protected":false},"featured_media":21146,"template":"","meta":{"_acf_changed":false},"product_brand":[675],"product_cat":[799],"product_tag":[],"class_list":{"0":"post-21144","1":"product","2":"type-product","3":"status-publish","4":"has-post-thumbnail","6":"product_brand-vichy","7":"product_cat-v","8":"pa_packungsgroesse-50ml","10":"first","11":"instock","12":"shipping-taxable","13":"purchasable","14":"product-type-simple"},"acf":[],"_links":{"self":[{"href":"https:\/\/www.ernstbrunn-apotheke.at\/katalog\/wp-json\/wp\/v2\/product\/21144","targetHints":{"allow":["GET"]}}],"collection":[{"href":"https:\/\/www.ernstbrunn-apotheke.at\/katalog\/wp-json\/wp\/v2\/product"}],"about":[{"href":"https:\/\/www.ernstbrunn-apotheke.at\/katalog\/wp-json\/wp\/v2\/types\/product"}],"wp:featuredmedia":[{"embeddable":true,"href":"https:\/\/www.ernstbrunn-apotheke.at\/katalog\/wp-json\/wp\/v2\/media\/21146"}],"wp:attachment":[{"href":"https:\/\/www.ernstbrunn-apotheke.at\/katalog\/wp-json\/wp\/v2\/media?parent=21144"}],"wp:term":[{"taxonomy":"product_brand","embeddable":true,"href":"https:\/\/www.ernstbrunn-apotheke.at\/katalog\/wp-json\/wp\/v2\/product_brand?post=21144"},{"taxonomy":"product_cat","embeddable":true,"href":"https:\/\/www.ernstbrunn-apotheke.at\/katalog\/wp-json\/wp\/v2\/product_cat?post=21144"},{"taxonomy":"product_tag","embeddable":true,"href":"https:\/\/www.ernstbrunn-apotheke.at\/katalog\/wp-json\/wp\/v2\/product_tag?post=21144"}],"curies":[{"name":"wp","href":"https:\/\/api.w.org\/{rel}","templated":true}]}}