{"id":21134,"date":"2025-11-07T21:56:28","date_gmt":"2025-11-07T20:56:28","guid":{"rendered":"https:\/\/www.ernstbrunn-apotheke.at\/katalog\/produkt\/louis-widmer-tonique-ohne-alkohol-200-ml-ohne-parfum\/"},"modified":"2025-12-08T14:22:20","modified_gmt":"2025-12-08T13:22:20","slug":"louis-widmer-tonique-ohne-alkohol-200-ml-ohne-parfum","status":"publish","type":"product","link":"https:\/\/www.ernstbrunn-apotheke.at\/katalog\/produkt\/louis-widmer-tonique-ohne-alkohol-200-ml-ohne-parfum\/","title":{"rendered":"Louis Widmer Tonique ohne Alkohol 200 ml ohne Parfum"},"content":{"rendered":"<p>Das erfrischende Tonique ohne Alkohol vervollst\u00e4ndigt die Reinigung. Biostimulatoren erh\u00f6hen das Wasserbindeverm\u00f6gen der Haut. Panthenol und Aloe Vera k\u00fchlen und beruhigen die gereizte oder irritierte Haut. Die anschlie\u00dfend aufgetragenen Pflegecremes dringen besser ein  die Wirkstoffe k\u00f6nnen von der Haut besser aufgenommen werden.Ohne Parfum und leicht parf\u00fcmiert. Vegan..<\/p>\n","protected":false},"excerpt":{"rendered":"<p>Das erfrischende Tonique ohne Alkohol vervollst\u00e4ndigt die Reinigung. Biostimulatoren erh\u00f6hen das Wasserbindeverm\u00f6gen der Haut. Panthenol und Aloe Vera k\u00fchlen und beruhigen die gereizte oder irritierte Haut. Die anschlie\u00dfend aufgetragenen Pflegecremes dringen besser ein die Wirkstoffe k\u00f6nnen von der Haut besser aufgenommen werden.Ohne Parfum und leicht parf\u00fcmiert. Vegan..<\/p>\n","protected":false},"featured_media":21136,"template":"","meta":{"_acf_changed":false},"product_brand":[676],"product_cat":[795],"product_tag":[],"class_list":{"0":"post-21134","1":"product","2":"type-product","3":"status-publish","4":"has-post-thumbnail","6":"product_brand-louis-widmer","7":"product_cat-l","8":"pa_packungsgroesse-200ml","10":"first","11":"instock","12":"shipping-taxable","13":"purchasable","14":"product-type-simple"},"acf":[],"_links":{"self":[{"href":"https:\/\/www.ernstbrunn-apotheke.at\/katalog\/wp-json\/wp\/v2\/product\/21134","targetHints":{"allow":["GET"]}}],"collection":[{"href":"https:\/\/www.ernstbrunn-apotheke.at\/katalog\/wp-json\/wp\/v2\/product"}],"about":[{"href":"https:\/\/www.ernstbrunn-apotheke.at\/katalog\/wp-json\/wp\/v2\/types\/product"}],"wp:featuredmedia":[{"embeddable":true,"href":"https:\/\/www.ernstbrunn-apotheke.at\/katalog\/wp-json\/wp\/v2\/media\/21136"}],"wp:attachment":[{"href":"https:\/\/www.ernstbrunn-apotheke.at\/katalog\/wp-json\/wp\/v2\/media?parent=21134"}],"wp:term":[{"taxonomy":"product_brand","embeddable":true,"href":"https:\/\/www.ernstbrunn-apotheke.at\/katalog\/wp-json\/wp\/v2\/product_brand?post=21134"},{"taxonomy":"product_cat","embeddable":true,"href":"https:\/\/www.ernstbrunn-apotheke.at\/katalog\/wp-json\/wp\/v2\/product_cat?post=21134"},{"taxonomy":"product_tag","embeddable":true,"href":"https:\/\/www.ernstbrunn-apotheke.at\/katalog\/wp-json\/wp\/v2\/product_tag?post=21134"}],"curies":[{"name":"wp","href":"https:\/\/api.w.org\/{rel}","templated":true}]}}