{"id":21038,"date":"2025-11-07T21:55:37","date_gmt":"2025-11-07T20:55:37","guid":{"rendered":"https:\/\/www.ernstbrunn-apotheke.at\/katalog\/produkt\/la-roche-effaclar-duo-f30\/"},"modified":"2025-12-08T14:21:52","modified_gmt":"2025-12-08T13:21:52","slug":"la-roche-effaclar-duo-f30","status":"publish","type":"product","link":"https:\/\/www.ernstbrunn-apotheke.at\/katalog\/produkt\/la-roche-effaclar-duo-f30\/","title":{"rendered":"La Roche EFFACLAR DUO F30"},"content":{"rendered":"<p>La Roche-Posay Effaclar Duo+ LSF 30 ist eine tiefenwirksame Pflege, welche starke Unreinheiten bek\u00e4mpft und zudem verstopfte Poren befreit. Dar\u00fcber hinaus wirkt das Gel hautberuhigend und entz\u00fcndungslindernd. Zudem verfeinert es das Hautbild und wirkt antibakteriell und beugt au\u00dferdem der Entstehung von Pickelmalen vor&#8230;<\/p>\n","protected":false},"excerpt":{"rendered":"<p>La Roche-Posay Effaclar Duo+ LSF 30 ist eine tiefenwirksame Pflege, welche starke Unreinheiten bek\u00e4mpft und zudem verstopfte Poren befreit. Dar\u00fcber hinaus wirkt das Gel hautberuhigend und entz\u00fcndungslindernd. Zudem verfeinert es das Hautbild und wirkt antibakteriell und beugt au\u00dferdem der Entstehung von Pickelmalen vor&#8230;<\/p>\n","protected":false},"featured_media":21040,"template":"","meta":{"_acf_changed":false},"product_brand":[677],"product_cat":[795],"product_tag":[],"class_list":{"0":"post-21038","1":"product","2":"type-product","3":"status-publish","4":"has-post-thumbnail","6":"product_brand-la-roche-posay","7":"product_cat-l","8":"pa_packungsgroesse-40ml","10":"first","11":"instock","12":"shipping-taxable","13":"purchasable","14":"product-type-simple"},"acf":[],"_links":{"self":[{"href":"https:\/\/www.ernstbrunn-apotheke.at\/katalog\/wp-json\/wp\/v2\/product\/21038","targetHints":{"allow":["GET"]}}],"collection":[{"href":"https:\/\/www.ernstbrunn-apotheke.at\/katalog\/wp-json\/wp\/v2\/product"}],"about":[{"href":"https:\/\/www.ernstbrunn-apotheke.at\/katalog\/wp-json\/wp\/v2\/types\/product"}],"wp:featuredmedia":[{"embeddable":true,"href":"https:\/\/www.ernstbrunn-apotheke.at\/katalog\/wp-json\/wp\/v2\/media\/21040"}],"wp:attachment":[{"href":"https:\/\/www.ernstbrunn-apotheke.at\/katalog\/wp-json\/wp\/v2\/media?parent=21038"}],"wp:term":[{"taxonomy":"product_brand","embeddable":true,"href":"https:\/\/www.ernstbrunn-apotheke.at\/katalog\/wp-json\/wp\/v2\/product_brand?post=21038"},{"taxonomy":"product_cat","embeddable":true,"href":"https:\/\/www.ernstbrunn-apotheke.at\/katalog\/wp-json\/wp\/v2\/product_cat?post=21038"},{"taxonomy":"product_tag","embeddable":true,"href":"https:\/\/www.ernstbrunn-apotheke.at\/katalog\/wp-json\/wp\/v2\/product_tag?post=21038"}],"curies":[{"name":"wp","href":"https:\/\/api.w.org\/{rel}","templated":true}]}}