{"id":20982,"date":"2025-11-07T21:55:37","date_gmt":"2025-11-07T20:55:37","guid":{"rendered":"https:\/\/www.ernstbrunn-apotheke.at\/katalog\/produkt\/dermasel-spa-totes-meer-maske-12-ml-erholung\/"},"modified":"2025-12-08T14:21:37","modified_gmt":"2025-12-08T13:21:37","slug":"dermasel-spa-totes-meer-maske-12-ml-erholung","status":"publish","type":"product","link":"https:\/\/www.ernstbrunn-apotheke.at\/katalog\/produkt\/dermasel-spa-totes-meer-maske-12-ml-erholung\/","title":{"rendered":"Dermasel spa Totes Meer Maske 12 ml Erholung"},"content":{"rendered":"<p>Dermasel spa Totes Meer Maske verw\u00f6hnt mit duftenden Essenzen und ausgesuchten Naturextrakten. In Kombination mit den wertvollen Mineralsalzen aus dem Toten Meer bilden sie eine ganzheitlich Wellness-Pflege. F\u00fcr vollendenten Einklang von K\u00f6rper und Seele und ein wunderbar glattes Hautgef\u00fchl.<\/p>\n","protected":false},"excerpt":{"rendered":"<p>Dermasel spa Totes Meer Maske verw\u00f6hnt mit duftenden Essenzen und ausgesuchten Naturextrakten. In Kombination mit den wertvollen Mineralsalzen aus dem Toten Meer bilden sie eine ganzheitlich Wellness-Pflege. F\u00fcr vollendenten Einklang von K\u00f6rper und Seele und ein wunderbar glattes Hautgef\u00fchl.<\/p>\n","protected":false},"featured_media":20984,"template":"","meta":{"_acf_changed":false},"product_brand":[684],"product_cat":[792],"product_tag":[],"class_list":{"0":"post-20982","1":"product","2":"type-product","3":"status-publish","4":"has-post-thumbnail","6":"product_brand-dermasel","7":"product_cat-d","8":"pa_packungsgroesse-12ml","10":"first","11":"instock","12":"shipping-taxable","13":"purchasable","14":"product-type-simple"},"acf":[],"_links":{"self":[{"href":"https:\/\/www.ernstbrunn-apotheke.at\/katalog\/wp-json\/wp\/v2\/product\/20982","targetHints":{"allow":["GET"]}}],"collection":[{"href":"https:\/\/www.ernstbrunn-apotheke.at\/katalog\/wp-json\/wp\/v2\/product"}],"about":[{"href":"https:\/\/www.ernstbrunn-apotheke.at\/katalog\/wp-json\/wp\/v2\/types\/product"}],"wp:featuredmedia":[{"embeddable":true,"href":"https:\/\/www.ernstbrunn-apotheke.at\/katalog\/wp-json\/wp\/v2\/media\/20984"}],"wp:attachment":[{"href":"https:\/\/www.ernstbrunn-apotheke.at\/katalog\/wp-json\/wp\/v2\/media?parent=20982"}],"wp:term":[{"taxonomy":"product_brand","embeddable":true,"href":"https:\/\/www.ernstbrunn-apotheke.at\/katalog\/wp-json\/wp\/v2\/product_brand?post=20982"},{"taxonomy":"product_cat","embeddable":true,"href":"https:\/\/www.ernstbrunn-apotheke.at\/katalog\/wp-json\/wp\/v2\/product_cat?post=20982"},{"taxonomy":"product_tag","embeddable":true,"href":"https:\/\/www.ernstbrunn-apotheke.at\/katalog\/wp-json\/wp\/v2\/product_tag?post=20982"}],"curies":[{"name":"wp","href":"https:\/\/api.w.org\/{rel}","templated":true}]}}