{"id":20933,"date":"2025-11-07T21:55:37","date_gmt":"2025-11-07T20:55:37","guid":{"rendered":"https:\/\/www.ernstbrunn-apotheke.at\/katalog\/produkt\/locobase-repair-spezialcreme-trockene-und-sehr-trockene-haut-30-g\/"},"modified":"2025-12-08T14:21:29","modified_gmt":"2025-12-08T13:21:29","slug":"locobase-repair-spezialcreme-trockene-und-sehr-trockene-haut-30-g","status":"publish","type":"product","link":"https:\/\/www.ernstbrunn-apotheke.at\/katalog\/produkt\/locobase-repair-spezialcreme-trockene-und-sehr-trockene-haut-30-g\/","title":{"rendered":"Locobase Repair Spezialcreme trockene und sehr trockene Haut 30 g"},"content":{"rendered":"<p>Locobase Repair Spezialcreme wurde entwickelt zur Feuchtigkeitsversorgung der Haut. Die Haut ist im Alltag besonderen Strapazen ausgesetzt. Diese Creme wurde speziell entwickelt, um sehr trockene, gereizte und empfindliche Haut mit den fehlenden hauteigenen nat\u00fcrlichen Stoffen zu versorgen, die sie ben\u00f6tigt. Sie unterst\u00fctzt das Regenerationsverm\u00f6gen Ihrer Haut optimal, sodass sie schnell ihre gewohnte St\u00e4rke und Elastizit\u00e4t zur\u00fcckgewinnt.<\/p>\n","protected":false},"excerpt":{"rendered":"<p>Locobase Repair Spezialcreme wurde entwickelt zur Feuchtigkeitsversorgung der Haut. Die Haut ist im Alltag besonderen Strapazen ausgesetzt. Diese Creme wurde speziell entwickelt, um sehr trockene, gereizte und empfindliche Haut mit den fehlenden hauteigenen nat\u00fcrlichen Stoffen zu versorgen, die sie ben\u00f6tigt. Sie unterst\u00fctzt das Regenerationsverm\u00f6gen Ihrer Haut optimal, sodass sie schnell ihre gewohnte St\u00e4rke und Elastizit\u00e4t [&hellip;]<\/p>\n","protected":false},"featured_media":20935,"template":"","meta":{"_acf_changed":false},"product_brand":[],"product_cat":[795],"product_tag":[],"class_list":{"0":"post-20933","1":"product","2":"type-product","3":"status-publish","4":"has-post-thumbnail","6":"product_cat-l","7":"pa_packungsgroesse-30g","9":"first","10":"instock","11":"shipping-taxable","12":"purchasable","13":"product-type-simple"},"acf":[],"_links":{"self":[{"href":"https:\/\/www.ernstbrunn-apotheke.at\/katalog\/wp-json\/wp\/v2\/product\/20933","targetHints":{"allow":["GET"]}}],"collection":[{"href":"https:\/\/www.ernstbrunn-apotheke.at\/katalog\/wp-json\/wp\/v2\/product"}],"about":[{"href":"https:\/\/www.ernstbrunn-apotheke.at\/katalog\/wp-json\/wp\/v2\/types\/product"}],"wp:featuredmedia":[{"embeddable":true,"href":"https:\/\/www.ernstbrunn-apotheke.at\/katalog\/wp-json\/wp\/v2\/media\/20935"}],"wp:attachment":[{"href":"https:\/\/www.ernstbrunn-apotheke.at\/katalog\/wp-json\/wp\/v2\/media?parent=20933"}],"wp:term":[{"taxonomy":"product_brand","embeddable":true,"href":"https:\/\/www.ernstbrunn-apotheke.at\/katalog\/wp-json\/wp\/v2\/product_brand?post=20933"},{"taxonomy":"product_cat","embeddable":true,"href":"https:\/\/www.ernstbrunn-apotheke.at\/katalog\/wp-json\/wp\/v2\/product_cat?post=20933"},{"taxonomy":"product_tag","embeddable":true,"href":"https:\/\/www.ernstbrunn-apotheke.at\/katalog\/wp-json\/wp\/v2\/product_tag?post=20933"}],"curies":[{"name":"wp","href":"https:\/\/api.w.org\/{rel}","templated":true}]}}