{"id":20919,"date":"2025-11-07T21:55:37","date_gmt":"2025-11-07T20:55:37","guid":{"rendered":"https:\/\/www.ernstbrunn-apotheke.at\/katalog\/produkt\/la-roche-hyalu-b5-serum-konzentrat-anti-falten-serum\/"},"modified":"2025-12-08T14:21:26","modified_gmt":"2025-12-08T13:21:26","slug":"la-roche-hyalu-b5-serum-konzentrat-anti-falten-serum","status":"publish","type":"product","link":"https:\/\/www.ernstbrunn-apotheke.at\/katalog\/produkt\/la-roche-hyalu-b5-serum-konzentrat-anti-falten-serum\/","title":{"rendered":"La Roche HYALU B5 SERUM-KONZENTRAT Anti-Falten Serum"},"content":{"rendered":"<p>La Roche-Posay Hyalu B5 Serum ist ein intensiv korrigierendes Anti-Falten Serum f\u00fcr empfindliche Haut. Der Wirkstoffkomplex mit hochkonzentrierter Hyalurons\u00e4ure, pflegendem Vitamin B5 und sch\u00fctzenden Madecassosiden wirkt Anzeichen nat\u00fcrlicher Hautalterung entgegen und sch\u00fctzt die Hautbarriere vor \u00e4u\u00dferen Alterungsfaktoren. F\u00fcr ein sofort sichtbar j\u00fcngeres Hautbild.<\/p>\n","protected":false},"excerpt":{"rendered":"<p>La Roche-Posay Hyalu B5 Serum ist ein intensiv korrigierendes Anti-Falten Serum f\u00fcr empfindliche Haut. Der Wirkstoffkomplex mit hochkonzentrierter Hyalurons\u00e4ure, pflegendem Vitamin B5 und sch\u00fctzenden Madecassosiden wirkt Anzeichen nat\u00fcrlicher Hautalterung entgegen und sch\u00fctzt die Hautbarriere vor \u00e4u\u00dferen Alterungsfaktoren. F\u00fcr ein sofort sichtbar j\u00fcngeres Hautbild.<\/p>\n","protected":false},"featured_media":20921,"template":"","meta":{"_acf_changed":false},"product_brand":[677],"product_cat":[795],"product_tag":[],"class_list":{"0":"post-20919","1":"product","2":"type-product","3":"status-publish","4":"has-post-thumbnail","6":"product_brand-la-roche-posay","7":"product_cat-l","8":"pa_packungsgroesse-30ml","10":"first","11":"instock","12":"shipping-taxable","13":"purchasable","14":"product-type-simple"},"acf":[],"_links":{"self":[{"href":"https:\/\/www.ernstbrunn-apotheke.at\/katalog\/wp-json\/wp\/v2\/product\/20919","targetHints":{"allow":["GET"]}}],"collection":[{"href":"https:\/\/www.ernstbrunn-apotheke.at\/katalog\/wp-json\/wp\/v2\/product"}],"about":[{"href":"https:\/\/www.ernstbrunn-apotheke.at\/katalog\/wp-json\/wp\/v2\/types\/product"}],"wp:featuredmedia":[{"embeddable":true,"href":"https:\/\/www.ernstbrunn-apotheke.at\/katalog\/wp-json\/wp\/v2\/media\/20921"}],"wp:attachment":[{"href":"https:\/\/www.ernstbrunn-apotheke.at\/katalog\/wp-json\/wp\/v2\/media?parent=20919"}],"wp:term":[{"taxonomy":"product_brand","embeddable":true,"href":"https:\/\/www.ernstbrunn-apotheke.at\/katalog\/wp-json\/wp\/v2\/product_brand?post=20919"},{"taxonomy":"product_cat","embeddable":true,"href":"https:\/\/www.ernstbrunn-apotheke.at\/katalog\/wp-json\/wp\/v2\/product_cat?post=20919"},{"taxonomy":"product_tag","embeddable":true,"href":"https:\/\/www.ernstbrunn-apotheke.at\/katalog\/wp-json\/wp\/v2\/product_tag?post=20919"}],"curies":[{"name":"wp","href":"https:\/\/api.w.org\/{rel}","templated":true}]}}