{"id":20803,"date":"2025-11-07T21:54:02","date_gmt":"2025-11-07T20:54:02","guid":{"rendered":"https:\/\/www.ernstbrunn-apotheke.at\/katalog\/produkt\/caudalie-the-des-vignes-duschgel\/"},"modified":"2025-12-08T14:20:56","modified_gmt":"2025-12-08T13:20:56","slug":"caudalie-the-des-vignes-duschgel","status":"publish","type":"product","link":"https:\/\/www.ernstbrunn-apotheke.at\/katalog\/produkt\/caudalie-the-des-vignes-duschgel\/","title":{"rendered":"Caudalie Th\u00e9 des Vignes Duschgel"},"content":{"rendered":"<p>Das seifenfreie und hochvertr\u00e4gliche Duschgel Th\u00e9 des Vignes reinigt sanft. Es sorgt f\u00fcr eine mit dem ikonischen Duft von Th\u00e9 des Vignes zart parf\u00fcmierte Haut mit Noten aus wei\u00dfem Moschus, Neroli und Ingwer.<\/p>\n<p><strong>Hauttyp\u00a0:<\/strong> Alle Hauttypen<\/p>\n<p><strong>Brauche\u00a0:<\/strong> Bad und Dusche<\/p>\n<p><strong>Hauptinhaltsstoffe\u00a0:<\/strong> Wei\u00dfer Moschus, Ingwer, Neroli<\/p>\n<p><strong>Textur\u00a0:<\/strong> Gel<\/p>\n<p><strong>Verwendung\u00a0:<\/strong> Morgens und abends, jeden Tag<\/p>\n<p><strong>Rezeptur:<\/strong><\/p>\n<ul>\n<li>97 % Inhaltsstoffe nat\u00fcrlichen Ursprungs<\/li>\n<li>Yuka-Bewertung: Sehr gut<\/li>\n<li>Ohne Seife und mit einer ultramilden Formel<\/li>\n<\/ul>\n<p><strong>Wussten Sie es?<\/strong>Unsere K\u00f6rperpflege Th\u00e9 des Vignes ist von den sinnlichen Noten des Eau Fra\u00eeche Th\u00e9 des Vignes inspiriert, das 2011 von Mathilde Thomas, der Gr\u00fcnderin von Caudalie, mit der Hilfe des gro\u00dfen Meisterparf\u00fcmeurs Jacques Cavallier kreiert wurde.\u00a0<\/p>\n","protected":false},"excerpt":{"rendered":"<p>Das seifenfreie und hochvertr\u00e4gliche Duschgel Th\u00e9 des Vignes reinigt sanft. Es sorgt f\u00fcr eine mit dem ikonischen Duft von Th\u00e9 des Vignes zart parf\u00fcmierte Haut mit Noten aus wei\u00dfem Moschus, Neroli und Ingwer. Hauttyp\u00a0: Alle Hauttypen Brauche\u00a0: Bad und Dusche Hauptinhaltsstoffe\u00a0: Wei\u00dfer Moschus, Ingwer, Neroli Textur\u00a0: Gel Verwendung\u00a0: Morgens und abends, jeden Tag Rezeptur: 97 [&hellip;]<\/p>\n","protected":false},"featured_media":20805,"template":"","meta":{"_acf_changed":false},"product_brand":[687],"product_cat":[812],"product_tag":[],"class_list":{"0":"post-20803","1":"product","2":"type-product","3":"status-publish","4":"has-post-thumbnail","6":"product_brand-caudalie","7":"product_cat-c","8":"pa_packungsgroesse-200ml","10":"first","11":"instock","12":"shipping-taxable","13":"purchasable","14":"product-type-simple"},"acf":[],"_links":{"self":[{"href":"https:\/\/www.ernstbrunn-apotheke.at\/katalog\/wp-json\/wp\/v2\/product\/20803","targetHints":{"allow":["GET"]}}],"collection":[{"href":"https:\/\/www.ernstbrunn-apotheke.at\/katalog\/wp-json\/wp\/v2\/product"}],"about":[{"href":"https:\/\/www.ernstbrunn-apotheke.at\/katalog\/wp-json\/wp\/v2\/types\/product"}],"wp:featuredmedia":[{"embeddable":true,"href":"https:\/\/www.ernstbrunn-apotheke.at\/katalog\/wp-json\/wp\/v2\/media\/20805"}],"wp:attachment":[{"href":"https:\/\/www.ernstbrunn-apotheke.at\/katalog\/wp-json\/wp\/v2\/media?parent=20803"}],"wp:term":[{"taxonomy":"product_brand","embeddable":true,"href":"https:\/\/www.ernstbrunn-apotheke.at\/katalog\/wp-json\/wp\/v2\/product_brand?post=20803"},{"taxonomy":"product_cat","embeddable":true,"href":"https:\/\/www.ernstbrunn-apotheke.at\/katalog\/wp-json\/wp\/v2\/product_cat?post=20803"},{"taxonomy":"product_tag","embeddable":true,"href":"https:\/\/www.ernstbrunn-apotheke.at\/katalog\/wp-json\/wp\/v2\/product_tag?post=20803"}],"curies":[{"name":"wp","href":"https:\/\/api.w.org\/{rel}","templated":true}]}}