{"id":20777,"date":"2025-11-07T21:54:02","date_gmt":"2025-11-07T20:54:02","guid":{"rendered":"https:\/\/www.ernstbrunn-apotheke.at\/katalog\/produkt\/la-roche-posay-effaclar-klaerende-reinigungslotion-200-ml\/"},"modified":"2025-12-08T14:20:50","modified_gmt":"2025-12-08T13:20:50","slug":"la-roche-posay-effaclar-klaerende-reinigungslotion-200-ml","status":"publish","type":"product","link":"https:\/\/www.ernstbrunn-apotheke.at\/katalog\/produkt\/la-roche-posay-effaclar-klaerende-reinigungslotion-200-ml\/","title":{"rendered":"La Roche-Posay Effaclar kl\u00e4rende Reinigungslotion 200 ml"},"content":{"rendered":"<p>La Roche-Posay Effaclar Reinigungslotion kl\u00e4rend kl\u00e4rt fettige bis sehr fettige, unreine Haut sanft, reguliert die Talgproduktion und wirkt antibakteriell. Die kl\u00e4rende Lotion erg\u00e4nzt ideal ein Reinigungs- oder Waschgel, indem es letzte Schmutzpartikel sowie s\u00e4mtliche Spuren von Make-up entfernt und dem Verstopfen der Poren vorbeugt.<\/p>\n","protected":false},"excerpt":{"rendered":"<p>La Roche-Posay Effaclar Reinigungslotion kl\u00e4rend kl\u00e4rt fettige bis sehr fettige, unreine Haut sanft, reguliert die Talgproduktion und wirkt antibakteriell. Die kl\u00e4rende Lotion erg\u00e4nzt ideal ein Reinigungs- oder Waschgel, indem es letzte Schmutzpartikel sowie s\u00e4mtliche Spuren von Make-up entfernt und dem Verstopfen der Poren vorbeugt.<\/p>\n","protected":false},"featured_media":20779,"template":"","meta":{"_acf_changed":false},"product_brand":[677],"product_cat":[795],"product_tag":[],"class_list":{"0":"post-20777","1":"product","2":"type-product","3":"status-publish","4":"has-post-thumbnail","6":"product_brand-la-roche-posay","7":"product_cat-l","8":"pa_packungsgroesse-200ml","10":"first","11":"instock","12":"shipping-taxable","13":"purchasable","14":"product-type-simple"},"acf":[],"_links":{"self":[{"href":"https:\/\/www.ernstbrunn-apotheke.at\/katalog\/wp-json\/wp\/v2\/product\/20777","targetHints":{"allow":["GET"]}}],"collection":[{"href":"https:\/\/www.ernstbrunn-apotheke.at\/katalog\/wp-json\/wp\/v2\/product"}],"about":[{"href":"https:\/\/www.ernstbrunn-apotheke.at\/katalog\/wp-json\/wp\/v2\/types\/product"}],"wp:featuredmedia":[{"embeddable":true,"href":"https:\/\/www.ernstbrunn-apotheke.at\/katalog\/wp-json\/wp\/v2\/media\/20779"}],"wp:attachment":[{"href":"https:\/\/www.ernstbrunn-apotheke.at\/katalog\/wp-json\/wp\/v2\/media?parent=20777"}],"wp:term":[{"taxonomy":"product_brand","embeddable":true,"href":"https:\/\/www.ernstbrunn-apotheke.at\/katalog\/wp-json\/wp\/v2\/product_brand?post=20777"},{"taxonomy":"product_cat","embeddable":true,"href":"https:\/\/www.ernstbrunn-apotheke.at\/katalog\/wp-json\/wp\/v2\/product_cat?post=20777"},{"taxonomy":"product_tag","embeddable":true,"href":"https:\/\/www.ernstbrunn-apotheke.at\/katalog\/wp-json\/wp\/v2\/product_tag?post=20777"}],"curies":[{"name":"wp","href":"https:\/\/api.w.org\/{rel}","templated":true}]}}