{"id":20756,"date":"2025-11-07T21:54:02","date_gmt":"2025-11-07T20:54:02","guid":{"rendered":"https:\/\/www.ernstbrunn-apotheke.at\/katalog\/produkt\/la-roche-posay-hydraphase-ha-augenpflege-15-ml\/"},"modified":"2025-12-08T14:20:45","modified_gmt":"2025-12-08T13:20:45","slug":"la-roche-posay-hydraphase-ha-augenpflege-15-ml","status":"publish","type":"product","link":"https:\/\/www.ernstbrunn-apotheke.at\/katalog\/produkt\/la-roche-posay-hydraphase-ha-augenpflege-15-ml\/","title":{"rendered":"La Roche-Posay Hydraphase HA Augenpflege 15 ml"},"content":{"rendered":"<p>La Roche-Posay Hydraphase intense beruhigt und spendet trockener Haut sofort und langanhaltend Feuchtigkeit. Die Pflege eignet sich f\u00fcr feuchtigkeitsarme, empfindliche Haut f\u00fcr die t\u00e4gliche Anwendung oder auch bei Spannungsgef\u00fchlen, Juckreiz und kleinen Trockenheitsfalten.<\/p>\n","protected":false},"excerpt":{"rendered":"<p>La Roche-Posay Hydraphase intense beruhigt und spendet trockener Haut sofort und langanhaltend Feuchtigkeit. Die Pflege eignet sich f\u00fcr feuchtigkeitsarme, empfindliche Haut f\u00fcr die t\u00e4gliche Anwendung oder auch bei Spannungsgef\u00fchlen, Juckreiz und kleinen Trockenheitsfalten.<\/p>\n","protected":false},"featured_media":20758,"template":"","meta":{"_acf_changed":false},"product_brand":[677],"product_cat":[795],"product_tag":[],"class_list":{"0":"post-20756","1":"product","2":"type-product","3":"status-publish","4":"has-post-thumbnail","6":"product_brand-la-roche-posay","7":"product_cat-l","8":"pa_packungsgroesse-15ml","10":"first","11":"instock","12":"shipping-taxable","13":"purchasable","14":"product-type-simple"},"acf":[],"_links":{"self":[{"href":"https:\/\/www.ernstbrunn-apotheke.at\/katalog\/wp-json\/wp\/v2\/product\/20756","targetHints":{"allow":["GET"]}}],"collection":[{"href":"https:\/\/www.ernstbrunn-apotheke.at\/katalog\/wp-json\/wp\/v2\/product"}],"about":[{"href":"https:\/\/www.ernstbrunn-apotheke.at\/katalog\/wp-json\/wp\/v2\/types\/product"}],"wp:featuredmedia":[{"embeddable":true,"href":"https:\/\/www.ernstbrunn-apotheke.at\/katalog\/wp-json\/wp\/v2\/media\/20758"}],"wp:attachment":[{"href":"https:\/\/www.ernstbrunn-apotheke.at\/katalog\/wp-json\/wp\/v2\/media?parent=20756"}],"wp:term":[{"taxonomy":"product_brand","embeddable":true,"href":"https:\/\/www.ernstbrunn-apotheke.at\/katalog\/wp-json\/wp\/v2\/product_brand?post=20756"},{"taxonomy":"product_cat","embeddable":true,"href":"https:\/\/www.ernstbrunn-apotheke.at\/katalog\/wp-json\/wp\/v2\/product_cat?post=20756"},{"taxonomy":"product_tag","embeddable":true,"href":"https:\/\/www.ernstbrunn-apotheke.at\/katalog\/wp-json\/wp\/v2\/product_tag?post=20756"}],"curies":[{"name":"wp","href":"https:\/\/api.w.org\/{rel}","templated":true}]}}