{"id":20742,"date":"2025-11-07T21:54:02","date_gmt":"2025-11-07T20:54:02","guid":{"rendered":"https:\/\/www.ernstbrunn-apotheke.at\/katalog\/produkt\/linola-gesicht-50-ml\/"},"modified":"2025-12-08T14:20:42","modified_gmt":"2025-12-08T13:20:42","slug":"linola-gesicht-50-ml","status":"publish","type":"product","link":"https:\/\/www.ernstbrunn-apotheke.at\/katalog\/produkt\/linola-gesicht-50-ml\/","title":{"rendered":"Linola Gesicht 50 ml"},"content":{"rendered":"<p><strong>Linola Gesicht \/ Gesichtscreme \/ F\u00fcr trockene, juckende und gereizte Haut \/ sch\u00fctzt vor Austrocknen \/ Neigung zu Neurodermitis<\/strong><\/p>\n<p>&#13;<\/p>\n<p><strong>Produkt auf einen Blick:<\/strong><\/p>\n<p>&#13;<\/p>\n<ul>&#13;<\/p>\n<li>beruhigt trockene, juckende und gereizte Gesichtshaut<\/li>\n<p>&#13;<\/p>\n<li>sch\u00fctzt vor Austrocknen, erh\u00f6ht Geschmeidigkeit der Haut<\/li>\n<p>&#13;<\/p>\n<li>Gesichtspflege f\u00fcr die t\u00e4gliche Anwendung<\/li>\n<p>&#13;<\/p>\n<li>bei Neigung zu Neurodermitis geeignet<\/li>\n<p>&#13;<\/p>\n<li>Medizinische Hautpflege<\/li>\n<p>&#13;<\/p>\n<li>ohne Farb- und Konservierungsstoffe, Mineral\u00f6le, Silikone und Mikroplastik<\/li>\n<p>&#13;\n<\/ul>\n<p>&#13;<\/p>\n<p>Sehr trockene Haut f\u00fchlt sich oft rau und spr\u00f6de an, juckt und spannt unangenehm oder neigt zu R\u00f6tungen und Reizungen. Ist die Hautbarriere durch innere oder \u00e4u\u00dfere Einfl\u00fcsse gest\u00f6rt, kann sie Feuchtigkeit nicht mehr gut speichern und trocknet aus.<br \/>Die Linola Gesichtscreme ist eine Wasser-in-\u00d6l Emulsion mit einem Fettgehalt von 30%. Sie sch\u00fctzt vor weiterem Feuchtigkeitsverlust, beruhigt die belastete Haut und f\u00f6rdert die nat\u00fcrliche Regeneration der Hautbarriere. Durch ihren hohen Gehalt an pflanzlichen Lipiden ist Linola Gesicht auch f\u00fcr die sehr trockene und zu Neurodermitis neigende Haut geeignet. Linola Gesicht ist abgestimmt auf die speziellen Pflegebed\u00fcrfnisse sehr trockener, juckender oder gereizter Hautzust\u00e4nde. Die Creme ist frei von Farb- und Konservierungsstoffen, Mineral\u00f6len, Silikonen und<br \/>Mikroplastik und auch bei empfindlicher Haut gut vertr\u00e4glich.<\/p>\n<p>&#13;<\/p>\n<p>Linola Gesicht besitzt einen hohen Gehalt an Linols\u00e4ure. Linols\u00e4ure ist f\u00fcr eine intakte Hornschicht, die als Barriere die Haut u. a. vor \u00fcberm\u00e4\u00dfigem Wasserverlust und Austrocknung sch\u00fctzt, unbedingt erforderlich. Weil unser K\u00f6rper diesen wichtigen Bestandteil einer gesunden Haut jedoch nicht selbst herstellen kann, braucht er ihn von au\u00dfen.<br \/>Zudem liegen die fettspendenden Komponenten von Linola Gesicht in einer Wasser-in-\u00d6l-Emulsion vor, die f\u00fcr sehr trockene oder auch neurodermitische Haut besonders geeignet ist und sowohl dem Fett- als auch Feuchtigkeitsmangel der Haut entgegenwirkt. Dies unterst\u00fctzt die Normalisierung der trockenen und auch zu Juckreiz neigenden Haut.<\/p>\n","protected":false},"excerpt":{"rendered":"<p>Linola Gesicht \/ Gesichtscreme \/ F\u00fcr trockene, juckende und gereizte Haut \/ sch\u00fctzt vor Austrocknen \/ Neigung zu Neurodermitis &#13; Produkt auf einen Blick: &#13; &#13; beruhigt trockene, juckende und gereizte Gesichtshaut &#13; sch\u00fctzt vor Austrocknen, erh\u00f6ht Geschmeidigkeit der Haut &#13; Gesichtspflege f\u00fcr die t\u00e4gliche Anwendung &#13; bei Neigung zu Neurodermitis geeignet &#13; Medizinische Hautpflege [&hellip;]<\/p>\n","protected":false},"featured_media":20744,"template":"","meta":{"_acf_changed":false},"product_brand":[686],"product_cat":[795],"product_tag":[],"class_list":{"0":"post-20742","1":"product","2":"type-product","3":"status-publish","4":"has-post-thumbnail","6":"product_brand-linola","7":"product_cat-l","8":"pa_packungsgroesse-50ml","10":"first","11":"instock","12":"shipping-taxable","13":"purchasable","14":"product-type-simple"},"acf":[],"_links":{"self":[{"href":"https:\/\/www.ernstbrunn-apotheke.at\/katalog\/wp-json\/wp\/v2\/product\/20742","targetHints":{"allow":["GET"]}}],"collection":[{"href":"https:\/\/www.ernstbrunn-apotheke.at\/katalog\/wp-json\/wp\/v2\/product"}],"about":[{"href":"https:\/\/www.ernstbrunn-apotheke.at\/katalog\/wp-json\/wp\/v2\/types\/product"}],"wp:featuredmedia":[{"embeddable":true,"href":"https:\/\/www.ernstbrunn-apotheke.at\/katalog\/wp-json\/wp\/v2\/media\/20744"}],"wp:attachment":[{"href":"https:\/\/www.ernstbrunn-apotheke.at\/katalog\/wp-json\/wp\/v2\/media?parent=20742"}],"wp:term":[{"taxonomy":"product_brand","embeddable":true,"href":"https:\/\/www.ernstbrunn-apotheke.at\/katalog\/wp-json\/wp\/v2\/product_brand?post=20742"},{"taxonomy":"product_cat","embeddable":true,"href":"https:\/\/www.ernstbrunn-apotheke.at\/katalog\/wp-json\/wp\/v2\/product_cat?post=20742"},{"taxonomy":"product_tag","embeddable":true,"href":"https:\/\/www.ernstbrunn-apotheke.at\/katalog\/wp-json\/wp\/v2\/product_tag?post=20742"}],"curies":[{"name":"wp","href":"https:\/\/api.w.org\/{rel}","templated":true}]}}