{"id":20720,"date":"2025-11-07T21:54:02","date_gmt":"2025-11-07T20:54:02","guid":{"rendered":"https:\/\/www.ernstbrunn-apotheke.at\/katalog\/produkt\/vichy-purete-thermal-demaquillant-integral-3-in-1-200ml\/"},"modified":"2025-12-08T14:20:37","modified_gmt":"2025-12-08T13:20:37","slug":"vichy-purete-thermal-demaquillant-integral-3-in-1-200ml","status":"publish","type":"product","link":"https:\/\/www.ernstbrunn-apotheke.at\/katalog\/produkt\/vichy-purete-thermal-demaquillant-integral-3-in-1-200ml\/","title":{"rendered":"Vichy PURETE THERMAL Demaquillant Integral 3 in 1 &#8211; 200ml"},"content":{"rendered":"<p>Das Vichy Puret\u00e9 Thermale Dermaquillant Integral 3in1 Gesichtsreinigung ist Reinigungsmilch, Gesichtswasser und Augen-Make-up-Entferner in Einem. Es reinigt schonend, wirkt hautberuhigend und verbessert den Eigenschutz der Haut. Schnelle, unkomplizierte Komplettreinigung \u2013 auch ideal f\u00fcr zwischendurch oder unterwegs. Die Haut ist gereinigt und geschmeidig, erfrischt, f\u00fchlbar zart und auf die nachfolgende P\ufb02ege bestens vorbereitet. Auch f\u00fcr Kontaktlinsentr\u00e4gerinnen zu empfehlen, weil kein unangenehmer Fett\ufb01lm auf den Augen zur\u00fcckbleibt &#8211; dauerhaft mit hohem Rabatt bestellen und bequem in unserer Apotheke abholen k\u00f6nnen! Einfach. Sicher. G\u00fcnstig.<\/p>\n","protected":false},"excerpt":{"rendered":"<p>Das Vichy Puret\u00e9 Thermale Dermaquillant Integral 3in1 Gesichtsreinigung ist Reinigungsmilch, Gesichtswasser und Augen-Make-up-Entferner in Einem. Es reinigt schonend, wirkt hautberuhigend und verbessert den Eigenschutz der Haut. Schnelle, unkomplizierte Komplettreinigung \u2013 auch ideal f\u00fcr zwischendurch oder unterwegs. Die Haut ist gereinigt und geschmeidig, erfrischt, f\u00fchlbar zart und auf die nachfolgende P\ufb02ege bestens vorbereitet. Auch f\u00fcr Kontaktlinsentr\u00e4gerinnen [&hellip;]<\/p>\n","protected":false},"featured_media":20722,"template":"","meta":{"_acf_changed":false},"product_brand":[675],"product_cat":[799],"product_tag":[],"class_list":{"0":"post-20720","1":"product","2":"type-product","3":"status-publish","4":"has-post-thumbnail","6":"product_brand-vichy","7":"product_cat-v","8":"pa_packungsgroesse-200ml","10":"first","11":"instock","12":"shipping-taxable","13":"purchasable","14":"product-type-simple"},"acf":[],"_links":{"self":[{"href":"https:\/\/www.ernstbrunn-apotheke.at\/katalog\/wp-json\/wp\/v2\/product\/20720","targetHints":{"allow":["GET"]}}],"collection":[{"href":"https:\/\/www.ernstbrunn-apotheke.at\/katalog\/wp-json\/wp\/v2\/product"}],"about":[{"href":"https:\/\/www.ernstbrunn-apotheke.at\/katalog\/wp-json\/wp\/v2\/types\/product"}],"wp:featuredmedia":[{"embeddable":true,"href":"https:\/\/www.ernstbrunn-apotheke.at\/katalog\/wp-json\/wp\/v2\/media\/20722"}],"wp:attachment":[{"href":"https:\/\/www.ernstbrunn-apotheke.at\/katalog\/wp-json\/wp\/v2\/media?parent=20720"}],"wp:term":[{"taxonomy":"product_brand","embeddable":true,"href":"https:\/\/www.ernstbrunn-apotheke.at\/katalog\/wp-json\/wp\/v2\/product_brand?post=20720"},{"taxonomy":"product_cat","embeddable":true,"href":"https:\/\/www.ernstbrunn-apotheke.at\/katalog\/wp-json\/wp\/v2\/product_cat?post=20720"},{"taxonomy":"product_tag","embeddable":true,"href":"https:\/\/www.ernstbrunn-apotheke.at\/katalog\/wp-json\/wp\/v2\/product_tag?post=20720"}],"curies":[{"name":"wp","href":"https:\/\/api.w.org\/{rel}","templated":true}]}}