{"id":20678,"date":"2025-11-07T21:53:10","date_gmt":"2025-11-07T20:53:10","guid":{"rendered":"https:\/\/www.ernstbrunn-apotheke.at\/katalog\/produkt\/vichy-purete-thermal-reinigungslotion-fuer-normale-bis-trockene-haut-200ml\/"},"modified":"2025-12-08T14:20:29","modified_gmt":"2025-12-08T13:20:29","slug":"vichy-purete-thermal-reinigungslotion-fuer-normale-bis-trockene-haut-200ml","status":"publish","type":"product","link":"https:\/\/www.ernstbrunn-apotheke.at\/katalog\/produkt\/vichy-purete-thermal-reinigungslotion-fuer-normale-bis-trockene-haut-200ml\/","title":{"rendered":"Vichy PURETE Thermal Reinigungslotion f\u00fcr normale bis trockene Haut &#8211; 200ml"},"content":{"rendered":"<p>Vichy Puret\u00e9 Thermale Belebende und Hautperfektionierende Reinigungslotion vervollst\u00e4ndigt die Reinigung von Puret\u00e9 Thermale erfrischende Reinigungsmilch  es entfernt gr\u00fcndlich und besonders schonend Reste der Reinigungsmilch und darin emulgierten Schmutz. Ohne Alkohol &#8211; dauerhaft mit hohem Rabatt bestellen und bequem in unserer Apotheke abholen k\u00f6nnen! Einfach. Sicher. G\u00fcnstig.<\/p>\n","protected":false},"excerpt":{"rendered":"<p>Vichy Puret\u00e9 Thermale Belebende und Hautperfektionierende Reinigungslotion vervollst\u00e4ndigt die Reinigung von Puret\u00e9 Thermale erfrischende Reinigungsmilch es entfernt gr\u00fcndlich und besonders schonend Reste der Reinigungsmilch und darin emulgierten Schmutz. Ohne Alkohol &#8211; dauerhaft mit hohem Rabatt bestellen und bequem in unserer Apotheke abholen k\u00f6nnen! Einfach. Sicher. G\u00fcnstig.<\/p>\n","protected":false},"featured_media":20680,"template":"","meta":{"_acf_changed":false},"product_brand":[675],"product_cat":[799],"product_tag":[],"class_list":{"0":"post-20678","1":"product","2":"type-product","3":"status-publish","4":"has-post-thumbnail","6":"product_brand-vichy","7":"product_cat-v","8":"pa_packungsgroesse-200ml","10":"first","11":"instock","12":"shipping-taxable","13":"purchasable","14":"product-type-simple"},"acf":[],"_links":{"self":[{"href":"https:\/\/www.ernstbrunn-apotheke.at\/katalog\/wp-json\/wp\/v2\/product\/20678","targetHints":{"allow":["GET"]}}],"collection":[{"href":"https:\/\/www.ernstbrunn-apotheke.at\/katalog\/wp-json\/wp\/v2\/product"}],"about":[{"href":"https:\/\/www.ernstbrunn-apotheke.at\/katalog\/wp-json\/wp\/v2\/types\/product"}],"wp:featuredmedia":[{"embeddable":true,"href":"https:\/\/www.ernstbrunn-apotheke.at\/katalog\/wp-json\/wp\/v2\/media\/20680"}],"wp:attachment":[{"href":"https:\/\/www.ernstbrunn-apotheke.at\/katalog\/wp-json\/wp\/v2\/media?parent=20678"}],"wp:term":[{"taxonomy":"product_brand","embeddable":true,"href":"https:\/\/www.ernstbrunn-apotheke.at\/katalog\/wp-json\/wp\/v2\/product_brand?post=20678"},{"taxonomy":"product_cat","embeddable":true,"href":"https:\/\/www.ernstbrunn-apotheke.at\/katalog\/wp-json\/wp\/v2\/product_cat?post=20678"},{"taxonomy":"product_tag","embeddable":true,"href":"https:\/\/www.ernstbrunn-apotheke.at\/katalog\/wp-json\/wp\/v2\/product_tag?post=20678"}],"curies":[{"name":"wp","href":"https:\/\/api.w.org\/{rel}","templated":true}]}}