{"id":20650,"date":"2025-11-07T21:53:10","date_gmt":"2025-11-07T20:53:10","guid":{"rendered":"https:\/\/www.ernstbrunn-apotheke.at\/katalog\/produkt\/dermasel-med-totes-meer-maske-hyaluron-12-ml\/"},"modified":"2025-12-08T14:20:23","modified_gmt":"2025-12-08T13:20:23","slug":"dermasel-med-totes-meer-maske-hyaluron-12-ml","status":"publish","type":"product","link":"https:\/\/www.ernstbrunn-apotheke.at\/katalog\/produkt\/dermasel-med-totes-meer-maske-hyaluron-12-ml\/","title":{"rendered":"Dermasel med Totes Meer Maske Hyaluron 12 ml"},"content":{"rendered":"<p>Dermasel med Totes Meer Maske Hyaluron ist eine Kombination aus Hyalurons\u00e4ure, Urea und Mineralsalzen aus dem Toten Meer, welche f\u00fcr eine \u00fcberdurchschnittliche Durchfeuchtung der Haut sorgt. Bei regelm\u00e4\u00dfiger Anwendung wird die Zellfeuchtigkeit gespeichert, die Haut nat\u00fcrlich aufgepolstert, die Faltentiefe verringert und das jugendlich straffe Hautgef\u00fchl bewahrt.<\/p>\n","protected":false},"excerpt":{"rendered":"<p>Dermasel med Totes Meer Maske Hyaluron ist eine Kombination aus Hyalurons\u00e4ure, Urea und Mineralsalzen aus dem Toten Meer, welche f\u00fcr eine \u00fcberdurchschnittliche Durchfeuchtung der Haut sorgt. Bei regelm\u00e4\u00dfiger Anwendung wird die Zellfeuchtigkeit gespeichert, die Haut nat\u00fcrlich aufgepolstert, die Faltentiefe verringert und das jugendlich straffe Hautgef\u00fchl bewahrt.<\/p>\n","protected":false},"featured_media":20652,"template":"","meta":{"_acf_changed":false},"product_brand":[684],"product_cat":[792],"product_tag":[],"class_list":{"0":"post-20650","1":"product","2":"type-product","3":"status-publish","4":"has-post-thumbnail","6":"product_brand-dermasel","7":"product_cat-d","8":"pa_packungsgroesse-12ml","10":"first","11":"instock","12":"shipping-taxable","13":"purchasable","14":"product-type-simple"},"acf":[],"_links":{"self":[{"href":"https:\/\/www.ernstbrunn-apotheke.at\/katalog\/wp-json\/wp\/v2\/product\/20650","targetHints":{"allow":["GET"]}}],"collection":[{"href":"https:\/\/www.ernstbrunn-apotheke.at\/katalog\/wp-json\/wp\/v2\/product"}],"about":[{"href":"https:\/\/www.ernstbrunn-apotheke.at\/katalog\/wp-json\/wp\/v2\/types\/product"}],"wp:featuredmedia":[{"embeddable":true,"href":"https:\/\/www.ernstbrunn-apotheke.at\/katalog\/wp-json\/wp\/v2\/media\/20652"}],"wp:attachment":[{"href":"https:\/\/www.ernstbrunn-apotheke.at\/katalog\/wp-json\/wp\/v2\/media?parent=20650"}],"wp:term":[{"taxonomy":"product_brand","embeddable":true,"href":"https:\/\/www.ernstbrunn-apotheke.at\/katalog\/wp-json\/wp\/v2\/product_brand?post=20650"},{"taxonomy":"product_cat","embeddable":true,"href":"https:\/\/www.ernstbrunn-apotheke.at\/katalog\/wp-json\/wp\/v2\/product_cat?post=20650"},{"taxonomy":"product_tag","embeddable":true,"href":"https:\/\/www.ernstbrunn-apotheke.at\/katalog\/wp-json\/wp\/v2\/product_tag?post=20650"}],"curies":[{"name":"wp","href":"https:\/\/api.w.org\/{rel}","templated":true}]}}