{"id":20646,"date":"2025-11-07T21:53:10","date_gmt":"2025-11-07T20:53:10","guid":{"rendered":"https:\/\/www.ernstbrunn-apotheke.at\/katalog\/produkt\/la-roche-posay-beruhigende-reinigungslotion-200-ml\/"},"modified":"2025-12-08T14:20:22","modified_gmt":"2025-12-08T13:20:22","slug":"la-roche-posay-beruhigende-reinigungslotion-200-ml","status":"publish","type":"product","link":"https:\/\/www.ernstbrunn-apotheke.at\/katalog\/produkt\/la-roche-posay-beruhigende-reinigungslotion-200-ml\/","title":{"rendered":"La Roche-Posay Beruhigende Reinigungslotion 200 ml"},"content":{"rendered":"<p>LA ROCHE-POSAY Reinigungslotion eignet sich f\u00fcr alle Hauttypen aber besonders f\u00fcr empfindliche Haut und dient als ideale Erg\u00e4nzung zur t\u00e4glichen Gesichtsreinigung. Die Formel ist pH-hautneutral und respektiert die nat\u00fcrlichen Eigenschaften der Haut. Pflegendes Thermalwasser wirkt hautberuhigend und st\u00e4rkt die nat\u00fcrliche Hautschutzbarriere und Glycerin versorgt die Haut intensiv und langanhaltend mit Feuchtigkeit. Zudem ist das Fluid seifenfrei sowie frei von Farbstoffen, Parabenen und Alkohol und nicht komedogen.<\/p>\n","protected":false},"excerpt":{"rendered":"<p>LA ROCHE-POSAY Reinigungslotion eignet sich f\u00fcr alle Hauttypen aber besonders f\u00fcr empfindliche Haut und dient als ideale Erg\u00e4nzung zur t\u00e4glichen Gesichtsreinigung. Die Formel ist pH-hautneutral und respektiert die nat\u00fcrlichen Eigenschaften der Haut. Pflegendes Thermalwasser wirkt hautberuhigend und st\u00e4rkt die nat\u00fcrliche Hautschutzbarriere und Glycerin versorgt die Haut intensiv und langanhaltend mit Feuchtigkeit. Zudem ist das Fluid [&hellip;]<\/p>\n","protected":false},"featured_media":20648,"template":"","meta":{"_acf_changed":false},"product_brand":[677],"product_cat":[795],"product_tag":[],"class_list":{"0":"post-20646","1":"product","2":"type-product","3":"status-publish","4":"has-post-thumbnail","6":"product_brand-la-roche-posay","7":"product_cat-l","8":"pa_packungsgroesse-200ml","10":"first","11":"instock","12":"shipping-taxable","13":"purchasable","14":"product-type-simple"},"acf":[],"_links":{"self":[{"href":"https:\/\/www.ernstbrunn-apotheke.at\/katalog\/wp-json\/wp\/v2\/product\/20646","targetHints":{"allow":["GET"]}}],"collection":[{"href":"https:\/\/www.ernstbrunn-apotheke.at\/katalog\/wp-json\/wp\/v2\/product"}],"about":[{"href":"https:\/\/www.ernstbrunn-apotheke.at\/katalog\/wp-json\/wp\/v2\/types\/product"}],"wp:featuredmedia":[{"embeddable":true,"href":"https:\/\/www.ernstbrunn-apotheke.at\/katalog\/wp-json\/wp\/v2\/media\/20648"}],"wp:attachment":[{"href":"https:\/\/www.ernstbrunn-apotheke.at\/katalog\/wp-json\/wp\/v2\/media?parent=20646"}],"wp:term":[{"taxonomy":"product_brand","embeddable":true,"href":"https:\/\/www.ernstbrunn-apotheke.at\/katalog\/wp-json\/wp\/v2\/product_brand?post=20646"},{"taxonomy":"product_cat","embeddable":true,"href":"https:\/\/www.ernstbrunn-apotheke.at\/katalog\/wp-json\/wp\/v2\/product_cat?post=20646"},{"taxonomy":"product_tag","embeddable":true,"href":"https:\/\/www.ernstbrunn-apotheke.at\/katalog\/wp-json\/wp\/v2\/product_tag?post=20646"}],"curies":[{"name":"wp","href":"https:\/\/api.w.org\/{rel}","templated":true}]}}