{"id":20642,"date":"2025-11-07T21:53:10","date_gmt":"2025-11-07T20:53:10","guid":{"rendered":"https:\/\/www.ernstbrunn-apotheke.at\/katalog\/produkt\/la-roche-posay-toleriane-reinigungsgel-150-ml\/"},"modified":"2025-12-08T14:20:20","modified_gmt":"2025-12-08T13:20:20","slug":"la-roche-posay-toleriane-reinigungsgel-150-ml","status":"publish","type":"product","link":"https:\/\/www.ernstbrunn-apotheke.at\/katalog\/produkt\/la-roche-posay-toleriane-reinigungsgel-150-ml\/","title":{"rendered":"La Roche-Posay Toleriane Reinigungsgel 150 ml"},"content":{"rendered":"<p>La Roche-Posay Toleriane Reinigungsgel enth\u00e4lt ein Minimum an hochvertr\u00e4glichen Inhaltsstoffen und reinigt empfindliche Haut sanft. Der sehr weiche, cremige Schaum entfernt gr\u00fcndlich Schmutzablagerungen und Unreinheiten. Glycerin verbessert den Feuchtigkeitsgehalt der Haut und Chelatbildner sch\u00fctzen empfindliche Haut vor dem Austrocknen.<\/p>\n","protected":false},"excerpt":{"rendered":"<p>La Roche-Posay Toleriane Reinigungsgel enth\u00e4lt ein Minimum an hochvertr\u00e4glichen Inhaltsstoffen und reinigt empfindliche Haut sanft. Der sehr weiche, cremige Schaum entfernt gr\u00fcndlich Schmutzablagerungen und Unreinheiten. Glycerin verbessert den Feuchtigkeitsgehalt der Haut und Chelatbildner sch\u00fctzen empfindliche Haut vor dem Austrocknen.<\/p>\n","protected":false},"featured_media":20644,"template":"","meta":{"_acf_changed":false},"product_brand":[677],"product_cat":[795],"product_tag":[],"class_list":{"0":"post-20642","1":"product","2":"type-product","3":"status-publish","4":"has-post-thumbnail","6":"product_brand-la-roche-posay","7":"product_cat-l","8":"pa_packungsgroesse-150ml","10":"first","11":"instock","12":"shipping-taxable","13":"purchasable","14":"product-type-simple"},"acf":[],"_links":{"self":[{"href":"https:\/\/www.ernstbrunn-apotheke.at\/katalog\/wp-json\/wp\/v2\/product\/20642","targetHints":{"allow":["GET"]}}],"collection":[{"href":"https:\/\/www.ernstbrunn-apotheke.at\/katalog\/wp-json\/wp\/v2\/product"}],"about":[{"href":"https:\/\/www.ernstbrunn-apotheke.at\/katalog\/wp-json\/wp\/v2\/types\/product"}],"wp:featuredmedia":[{"embeddable":true,"href":"https:\/\/www.ernstbrunn-apotheke.at\/katalog\/wp-json\/wp\/v2\/media\/20644"}],"wp:attachment":[{"href":"https:\/\/www.ernstbrunn-apotheke.at\/katalog\/wp-json\/wp\/v2\/media?parent=20642"}],"wp:term":[{"taxonomy":"product_brand","embeddable":true,"href":"https:\/\/www.ernstbrunn-apotheke.at\/katalog\/wp-json\/wp\/v2\/product_brand?post=20642"},{"taxonomy":"product_cat","embeddable":true,"href":"https:\/\/www.ernstbrunn-apotheke.at\/katalog\/wp-json\/wp\/v2\/product_cat?post=20642"},{"taxonomy":"product_tag","embeddable":true,"href":"https:\/\/www.ernstbrunn-apotheke.at\/katalog\/wp-json\/wp\/v2\/product_tag?post=20642"}],"curies":[{"name":"wp","href":"https:\/\/api.w.org\/{rel}","templated":true}]}}