{"id":20421,"date":"2025-11-07T21:51:34","date_gmt":"2025-11-07T20:51:34","guid":{"rendered":"https:\/\/www.ernstbrunn-apotheke.at\/katalog\/produkt\/anifer-lippenbalsam\/"},"modified":"2025-12-08T14:19:36","modified_gmt":"2025-12-08T13:19:36","slug":"anifer-lippenbalsam","status":"publish","type":"product","link":"https:\/\/www.ernstbrunn-apotheke.at\/katalog\/produkt\/anifer-lippenbalsam\/","title":{"rendered":"Anifer Lippenbalsam"},"content":{"rendered":"<p>Anifer Lippenbalsam pflegt und sch\u00fctzt raue und aufgesprungene Lippen mit Bienenwachs und reinem Melissen\u00f6l im Sommer und im Winter. Bew\u00e4hrt zur vorbeugenden Pflege, wenn Lippenbl\u00e4schen h\u00e4ufiger auftreten.<\/p>\n","protected":false},"excerpt":{"rendered":"<p>Anifer Lippenbalsam pflegt und sch\u00fctzt raue und aufgesprungene Lippen mit Bienenwachs und reinem Melissen\u00f6l im Sommer und im Winter. Bew\u00e4hrt zur vorbeugenden Pflege, wenn Lippenbl\u00e4schen h\u00e4ufiger auftreten.<\/p>\n","protected":false},"featured_media":20423,"template":"","meta":{"_acf_changed":false},"product_brand":[],"product_cat":[801],"product_tag":[],"class_list":{"0":"post-20421","1":"product","2":"type-product","3":"status-publish","4":"has-post-thumbnail","6":"product_cat-a","7":"pa_packungsgroesse-5ml","9":"first","10":"instock","11":"shipping-taxable","12":"purchasable","13":"product-type-simple"},"acf":[],"_links":{"self":[{"href":"https:\/\/www.ernstbrunn-apotheke.at\/katalog\/wp-json\/wp\/v2\/product\/20421","targetHints":{"allow":["GET"]}}],"collection":[{"href":"https:\/\/www.ernstbrunn-apotheke.at\/katalog\/wp-json\/wp\/v2\/product"}],"about":[{"href":"https:\/\/www.ernstbrunn-apotheke.at\/katalog\/wp-json\/wp\/v2\/types\/product"}],"wp:featuredmedia":[{"embeddable":true,"href":"https:\/\/www.ernstbrunn-apotheke.at\/katalog\/wp-json\/wp\/v2\/media\/20423"}],"wp:attachment":[{"href":"https:\/\/www.ernstbrunn-apotheke.at\/katalog\/wp-json\/wp\/v2\/media?parent=20421"}],"wp:term":[{"taxonomy":"product_brand","embeddable":true,"href":"https:\/\/www.ernstbrunn-apotheke.at\/katalog\/wp-json\/wp\/v2\/product_brand?post=20421"},{"taxonomy":"product_cat","embeddable":true,"href":"https:\/\/www.ernstbrunn-apotheke.at\/katalog\/wp-json\/wp\/v2\/product_cat?post=20421"},{"taxonomy":"product_tag","embeddable":true,"href":"https:\/\/www.ernstbrunn-apotheke.at\/katalog\/wp-json\/wp\/v2\/product_tag?post=20421"}],"curies":[{"name":"wp","href":"https:\/\/api.w.org\/{rel}","templated":true}]}}