{"id":20403,"date":"2025-11-07T21:51:34","date_gmt":"2025-11-07T20:51:34","guid":{"rendered":"https:\/\/www.ernstbrunn-apotheke.at\/katalog\/produkt\/la-roche-posay-effaclar-duo-40-ml\/"},"modified":"2025-12-08T14:19:32","modified_gmt":"2025-12-08T13:19:32","slug":"la-roche-posay-effaclar-duo-40-ml","status":"publish","type":"product","link":"https:\/\/www.ernstbrunn-apotheke.at\/katalog\/produkt\/la-roche-posay-effaclar-duo-40-ml\/","title":{"rendered":"La Roche-Posay Effaclar Duo (+) 40 ml"},"content":{"rendered":"<p>La Roche-Posay Effaclar Duo ist unsere ganzheitliche L\u00f6sung f\u00fcr unreine Haut. Die Pflege bek\u00e4mpft starke Unreinheiten, Pickel und Mitesser und befreit verstopfte Poren. Dar\u00fcber hinaus wirkt es gegen die Entstehung roter und brauner Pickelmale durch Unreinheiten. Es verfeinert das Hautbild und wirkt antibakteriell..<\/p>\n","protected":false},"excerpt":{"rendered":"<p>La Roche-Posay Effaclar Duo ist unsere ganzheitliche L\u00f6sung f\u00fcr unreine Haut. Die Pflege bek\u00e4mpft starke Unreinheiten, Pickel und Mitesser und befreit verstopfte Poren. Dar\u00fcber hinaus wirkt es gegen die Entstehung roter und brauner Pickelmale durch Unreinheiten. Es verfeinert das Hautbild und wirkt antibakteriell..<\/p>\n","protected":false},"featured_media":20405,"template":"","meta":{"_acf_changed":false},"product_brand":[677],"product_cat":[795],"product_tag":[],"class_list":{"0":"post-20403","1":"product","2":"type-product","3":"status-publish","4":"has-post-thumbnail","6":"product_brand-la-roche-posay","7":"product_cat-l","8":"pa_packungsgroesse-40ml","10":"first","11":"instock","12":"shipping-taxable","13":"purchasable","14":"product-type-simple"},"acf":[],"_links":{"self":[{"href":"https:\/\/www.ernstbrunn-apotheke.at\/katalog\/wp-json\/wp\/v2\/product\/20403","targetHints":{"allow":["GET"]}}],"collection":[{"href":"https:\/\/www.ernstbrunn-apotheke.at\/katalog\/wp-json\/wp\/v2\/product"}],"about":[{"href":"https:\/\/www.ernstbrunn-apotheke.at\/katalog\/wp-json\/wp\/v2\/types\/product"}],"wp:featuredmedia":[{"embeddable":true,"href":"https:\/\/www.ernstbrunn-apotheke.at\/katalog\/wp-json\/wp\/v2\/media\/20405"}],"wp:attachment":[{"href":"https:\/\/www.ernstbrunn-apotheke.at\/katalog\/wp-json\/wp\/v2\/media?parent=20403"}],"wp:term":[{"taxonomy":"product_brand","embeddable":true,"href":"https:\/\/www.ernstbrunn-apotheke.at\/katalog\/wp-json\/wp\/v2\/product_brand?post=20403"},{"taxonomy":"product_cat","embeddable":true,"href":"https:\/\/www.ernstbrunn-apotheke.at\/katalog\/wp-json\/wp\/v2\/product_cat?post=20403"},{"taxonomy":"product_tag","embeddable":true,"href":"https:\/\/www.ernstbrunn-apotheke.at\/katalog\/wp-json\/wp\/v2\/product_tag?post=20403"}],"curies":[{"name":"wp","href":"https:\/\/api.w.org\/{rel}","templated":true}]}}