{"id":20374,"date":"2025-11-07T21:51:34","date_gmt":"2025-11-07T20:51:34","guid":{"rendered":"https:\/\/www.ernstbrunn-apotheke.at\/katalog\/produkt\/wimpern-booster-27-ml\/"},"modified":"2025-12-08T14:19:25","modified_gmt":"2025-12-08T13:19:25","slug":"wimpern-booster-27-ml","status":"publish","type":"product","link":"https:\/\/www.ernstbrunn-apotheke.at\/katalog\/produkt\/wimpern-booster-27-ml\/","title":{"rendered":"Wimpern Booster 2,7 ml"},"content":{"rendered":"<p>Wimpern Booster pflegt durch die Kombination aus dem modernen Wirkstoffkomplex, Hyaluron und Panthenol die Haarwurzel. Ihre Wimpern werden verl\u00e4ngert, gekr\u00e4ftigt und verdichtet. Das Wimpernwachstum wird gef\u00f6rdert &#8211; jetzt mit hohem Rabatt bestellen f\u00fcr l\u00e4ngere, kr\u00e4ftigere und dichtere Wimpern!<\/p>\n","protected":false},"excerpt":{"rendered":"<p>Wimpern Booster pflegt durch die Kombination aus dem modernen Wirkstoffkomplex, Hyaluron und Panthenol die Haarwurzel. Ihre Wimpern werden verl\u00e4ngert, gekr\u00e4ftigt und verdichtet. Das Wimpernwachstum wird gef\u00f6rdert &#8211; jetzt mit hohem Rabatt bestellen f\u00fcr l\u00e4ngere, kr\u00e4ftigere und dichtere Wimpern!<\/p>\n","protected":false},"featured_media":20376,"template":"","meta":{"_acf_changed":false},"product_brand":[],"product_cat":[796],"product_tag":[],"class_list":{"0":"post-20374","1":"product","2":"type-product","3":"status-publish","4":"has-post-thumbnail","6":"product_cat-w","7":"pa_packungsgroesse-2ml","9":"first","10":"instock","11":"shipping-taxable","12":"purchasable","13":"product-type-simple"},"acf":[],"_links":{"self":[{"href":"https:\/\/www.ernstbrunn-apotheke.at\/katalog\/wp-json\/wp\/v2\/product\/20374","targetHints":{"allow":["GET"]}}],"collection":[{"href":"https:\/\/www.ernstbrunn-apotheke.at\/katalog\/wp-json\/wp\/v2\/product"}],"about":[{"href":"https:\/\/www.ernstbrunn-apotheke.at\/katalog\/wp-json\/wp\/v2\/types\/product"}],"wp:featuredmedia":[{"embeddable":true,"href":"https:\/\/www.ernstbrunn-apotheke.at\/katalog\/wp-json\/wp\/v2\/media\/20376"}],"wp:attachment":[{"href":"https:\/\/www.ernstbrunn-apotheke.at\/katalog\/wp-json\/wp\/v2\/media?parent=20374"}],"wp:term":[{"taxonomy":"product_brand","embeddable":true,"href":"https:\/\/www.ernstbrunn-apotheke.at\/katalog\/wp-json\/wp\/v2\/product_brand?post=20374"},{"taxonomy":"product_cat","embeddable":true,"href":"https:\/\/www.ernstbrunn-apotheke.at\/katalog\/wp-json\/wp\/v2\/product_cat?post=20374"},{"taxonomy":"product_tag","embeddable":true,"href":"https:\/\/www.ernstbrunn-apotheke.at\/katalog\/wp-json\/wp\/v2\/product_tag?post=20374"}],"curies":[{"name":"wp","href":"https:\/\/api.w.org\/{rel}","templated":true}]}}