{"id":20370,"date":"2025-11-07T21:51:34","date_gmt":"2025-11-07T20:51:34","guid":{"rendered":"https:\/\/www.ernstbrunn-apotheke.at\/katalog\/produkt\/bepanthol-lippenpflege-uv-30-45-g\/"},"modified":"2025-12-08T14:19:24","modified_gmt":"2025-12-08T13:19:24","slug":"bepanthol-lippenpflege-uv-30-45-g","status":"publish","type":"product","link":"https:\/\/www.ernstbrunn-apotheke.at\/katalog\/produkt\/bepanthol-lippenpflege-uv-30-45-g\/","title":{"rendered":"Bepanthol Lippenpflege UV 30 4,5 g"},"content":{"rendered":"<p>Unsere Lippen besitzen eine sehr d\u00fcnne Hornschicht und sind deshalb gegen \u00e4u\u00dfere Einfl\u00fcsse sehr empfindlich. Sie werden schnell spr\u00f6de, rissig und neigen dann zu Entz\u00fcndungen und Bl\u00e4schen. Essen, Trinken, selbst G\u00e4hnen oder Lachen werden zu schmerzhaften Angelegenheiten.Bepanthol\u00ae Lippenpflege sch\u00fctzt und pflegt Ihre Lippen: Bei aggressiven \u00e4u\u00dferen Einfl\u00fcssen wie K\u00e4lte, Wind und trockene Luft. Ihre Lippen werden schnell wieder von innen heraus regeneriert  die Lippen werden wieder glatt und geschmeidig.Tragen Sie Bepanthol\u00ae Lipstick\/Lippencreme mehrfach t\u00e4glich &#8211; je nach Bedarf &#8211; auf Ihre rauen, rissigen oder trockenen, spr\u00f6den Lippen auf. Bepanthol\u00ae Lipstick\/Lippencreme st\u00e4rkt die Schutzbarriere der Haut. Ihre Lippen werden wieder sanft und glatt..<\/p>\n","protected":false},"excerpt":{"rendered":"<p>Unsere Lippen besitzen eine sehr d\u00fcnne Hornschicht und sind deshalb gegen \u00e4u\u00dfere Einfl\u00fcsse sehr empfindlich. Sie werden schnell spr\u00f6de, rissig und neigen dann zu Entz\u00fcndungen und Bl\u00e4schen. Essen, Trinken, selbst G\u00e4hnen oder Lachen werden zu schmerzhaften Angelegenheiten.Bepanthol\u00ae Lippenpflege sch\u00fctzt und pflegt Ihre Lippen: Bei aggressiven \u00e4u\u00dferen Einfl\u00fcssen wie K\u00e4lte, Wind und trockene Luft. Ihre Lippen [&hellip;]<\/p>\n","protected":false},"featured_media":20372,"template":"","meta":{"_acf_changed":false},"product_brand":[],"product_cat":[802],"product_tag":[],"class_list":{"0":"post-20370","1":"product","2":"type-product","3":"status-publish","4":"has-post-thumbnail","6":"product_cat-b","7":"pa_packungsgroesse-4g","9":"first","10":"instock","11":"shipping-taxable","12":"purchasable","13":"product-type-simple"},"acf":[],"_links":{"self":[{"href":"https:\/\/www.ernstbrunn-apotheke.at\/katalog\/wp-json\/wp\/v2\/product\/20370","targetHints":{"allow":["GET"]}}],"collection":[{"href":"https:\/\/www.ernstbrunn-apotheke.at\/katalog\/wp-json\/wp\/v2\/product"}],"about":[{"href":"https:\/\/www.ernstbrunn-apotheke.at\/katalog\/wp-json\/wp\/v2\/types\/product"}],"wp:featuredmedia":[{"embeddable":true,"href":"https:\/\/www.ernstbrunn-apotheke.at\/katalog\/wp-json\/wp\/v2\/media\/20372"}],"wp:attachment":[{"href":"https:\/\/www.ernstbrunn-apotheke.at\/katalog\/wp-json\/wp\/v2\/media?parent=20370"}],"wp:term":[{"taxonomy":"product_brand","embeddable":true,"href":"https:\/\/www.ernstbrunn-apotheke.at\/katalog\/wp-json\/wp\/v2\/product_brand?post=20370"},{"taxonomy":"product_cat","embeddable":true,"href":"https:\/\/www.ernstbrunn-apotheke.at\/katalog\/wp-json\/wp\/v2\/product_cat?post=20370"},{"taxonomy":"product_tag","embeddable":true,"href":"https:\/\/www.ernstbrunn-apotheke.at\/katalog\/wp-json\/wp\/v2\/product_tag?post=20370"}],"curies":[{"name":"wp","href":"https:\/\/api.w.org\/{rel}","templated":true}]}}