{"id":20356,"date":"2025-11-07T21:51:34","date_gmt":"2025-11-07T20:51:34","guid":{"rendered":"https:\/\/www.ernstbrunn-apotheke.at\/katalog\/produkt\/frei-oel-deospray-100-ml\/"},"modified":"2025-12-08T14:19:20","modified_gmt":"2025-12-08T13:19:20","slug":"frei-oel-deospray-100-ml","status":"publish","type":"product","link":"https:\/\/www.ernstbrunn-apotheke.at\/katalog\/produkt\/frei-oel-deospray-100-ml\/","title":{"rendered":"Frei \u00d6l DeoSpray 100 ml"},"content":{"rendered":"<p>Frei \u00d6l DeoSpray &#8211; der zuverl\u00e4ssige Deo-Schutz. Das erfrischende DeoSpray verringert effektiv die Schwei\u00dfbildung und sch\u00fctzt wirksam vor K\u00f6rpergeruch. Es verleiht langanhaltend ein sicheres und angenehmes Hautgef\u00fchl.!<\/p>\n","protected":false},"excerpt":{"rendered":"<p>Frei \u00d6l DeoSpray &#8211; der zuverl\u00e4ssige Deo-Schutz. Das erfrischende DeoSpray verringert effektiv die Schwei\u00dfbildung und sch\u00fctzt wirksam vor K\u00f6rpergeruch. Es verleiht langanhaltend ein sicheres und angenehmes Hautgef\u00fchl.!<\/p>\n","protected":false},"featured_media":20358,"template":"","meta":{"_acf_changed":false},"product_brand":[681],"product_cat":[809],"product_tag":[],"class_list":{"0":"post-20356","1":"product","2":"type-product","3":"status-publish","4":"has-post-thumbnail","6":"product_brand-frei-oel","7":"product_cat-f","8":"pa_packungsgroesse-100ml","10":"first","11":"instock","12":"shipping-taxable","13":"purchasable","14":"product-type-simple"},"acf":[],"_links":{"self":[{"href":"https:\/\/www.ernstbrunn-apotheke.at\/katalog\/wp-json\/wp\/v2\/product\/20356","targetHints":{"allow":["GET"]}}],"collection":[{"href":"https:\/\/www.ernstbrunn-apotheke.at\/katalog\/wp-json\/wp\/v2\/product"}],"about":[{"href":"https:\/\/www.ernstbrunn-apotheke.at\/katalog\/wp-json\/wp\/v2\/types\/product"}],"wp:featuredmedia":[{"embeddable":true,"href":"https:\/\/www.ernstbrunn-apotheke.at\/katalog\/wp-json\/wp\/v2\/media\/20358"}],"wp:attachment":[{"href":"https:\/\/www.ernstbrunn-apotheke.at\/katalog\/wp-json\/wp\/v2\/media?parent=20356"}],"wp:term":[{"taxonomy":"product_brand","embeddable":true,"href":"https:\/\/www.ernstbrunn-apotheke.at\/katalog\/wp-json\/wp\/v2\/product_brand?post=20356"},{"taxonomy":"product_cat","embeddable":true,"href":"https:\/\/www.ernstbrunn-apotheke.at\/katalog\/wp-json\/wp\/v2\/product_cat?post=20356"},{"taxonomy":"product_tag","embeddable":true,"href":"https:\/\/www.ernstbrunn-apotheke.at\/katalog\/wp-json\/wp\/v2\/product_tag?post=20356"}],"curies":[{"name":"wp","href":"https:\/\/api.w.org\/{rel}","templated":true}]}}