{"id":20345,"date":"2025-11-07T21:51:34","date_gmt":"2025-11-07T20:51:34","guid":{"rendered":"https:\/\/www.ernstbrunn-apotheke.at\/katalog\/produkt\/syneo-5-deo-antitranspirant-reise-packung\/"},"modified":"2025-12-08T14:19:12","modified_gmt":"2025-12-08T13:19:12","slug":"syneo-5-deo-antitranspirant-reise-packung","status":"publish","type":"product","link":"https:\/\/www.ernstbrunn-apotheke.at\/katalog\/produkt\/syneo-5-deo-antitranspirant-reise-packung\/","title":{"rendered":"syNeo 5 Deo-Antitranspirant Reise-Packung"},"content":{"rendered":"<p><font color=\"#000000\" face=\"Times New Roman\" size=\"3\">Unisex Hochleistungs-Deo-Antitranspirant f\u00fcr die Frau und denMann. <\/font><\/p>\n<p><font color=\"#000000\" face=\"Times New Roman\" size=\"3\">Wirkt durch die spezielle Wirkstoff-Kombination <\/font><b><font color=\"#000000\" face=\"Times New Roman\" size=\"3\">bereitsnach der ersten Anwendung zuverl\u00e4ssig<\/font><\/b><font color=\"#000000\" face=\"Times New Roman\" size=\"3\">. <\/font><\/p>\n<p><font color=\"#000000\" face=\"Times New Roman\" size=\"3\">Reduziert Transpiration sicher &#8211; je nach Hauttyp <\/font><b><font color=\"#000000\" face=\"Times New Roman\" size=\"3\">biszu 5 Tage<\/font><\/b><font color=\"#000000\" face=\"Times New Roman\" size=\"3\">. Dar\u00fcber hinaus kann <\/font><b><font color=\"#f10a53\" face=\"Times New Roman\" size=\"3\">syNeo\u00a05<\/font><\/b><font color=\"#000000\" face=\"Times New Roman\" size=\"3\">unangenehmen K\u00f6rpergeruch bis zu 5 Tage verhindern. Allantoin sch\u00fctzt die Hautvor Irritationen und feuchtigkeitsspendende Stoffe bewahren sie vor demAustrocknen. <\/font><b><font color=\"#000000\" face=\"Times New Roman\" size=\"3\">Dermatologisch getestet<\/font><\/b><font color=\"#000000\" face=\"Times New Roman\" size=\"3\">. <\/font><\/p>\n<p><font color=\"#000000\" face=\"Times New Roman\" size=\"3\">Zur Anwendung in den Achselh\u00f6hlen, an den F\u00fc\u00dfen und anderenK\u00f6rperregionen. <br \/>Ohne Parf\u00fcmstoffe, deshalb f\u00fcr Sie und f\u00fcr Ihn. <\/font><\/p>\n<p><span style='margin: 0px; line-height: 107%;\"Calibri\",sans-serif; font-size: 11pt;'><font color=\"#000000\">Eine Packung reicht f\u00fcr 8 Anwendungen in denAchseln und an den F\u00fc\u00dfen je 5 Tage und h\u00e4lt \u00fcber 1 Monat! <\/font><\/span><\/p>\n","protected":false},"excerpt":{"rendered":"<p>Unisex Hochleistungs-Deo-Antitranspirant f\u00fcr die Frau und denMann. Wirkt durch die spezielle Wirkstoff-Kombination bereitsnach der ersten Anwendung zuverl\u00e4ssig. Reduziert Transpiration sicher &#8211; je nach Hauttyp biszu 5 Tage. Dar\u00fcber hinaus kann syNeo\u00a05unangenehmen K\u00f6rpergeruch bis zu 5 Tage verhindern. Allantoin sch\u00fctzt die Hautvor Irritationen und feuchtigkeitsspendende Stoffe bewahren sie vor demAustrocknen. Dermatologisch getestet. Zur Anwendung in den [&hellip;]<\/p>\n","protected":false},"featured_media":20347,"template":"","meta":{"_acf_changed":false},"product_brand":[],"product_cat":[791],"product_tag":[],"class_list":{"0":"post-20345","1":"product","2":"type-product","3":"status-publish","4":"has-post-thumbnail","6":"product_cat-s","7":"pa_packungsgroesse-8-stueck","9":"first","10":"instock","11":"shipping-taxable","12":"purchasable","13":"product-type-simple"},"acf":[],"_links":{"self":[{"href":"https:\/\/www.ernstbrunn-apotheke.at\/katalog\/wp-json\/wp\/v2\/product\/20345","targetHints":{"allow":["GET"]}}],"collection":[{"href":"https:\/\/www.ernstbrunn-apotheke.at\/katalog\/wp-json\/wp\/v2\/product"}],"about":[{"href":"https:\/\/www.ernstbrunn-apotheke.at\/katalog\/wp-json\/wp\/v2\/types\/product"}],"wp:featuredmedia":[{"embeddable":true,"href":"https:\/\/www.ernstbrunn-apotheke.at\/katalog\/wp-json\/wp\/v2\/media\/20347"}],"wp:attachment":[{"href":"https:\/\/www.ernstbrunn-apotheke.at\/katalog\/wp-json\/wp\/v2\/media?parent=20345"}],"wp:term":[{"taxonomy":"product_brand","embeddable":true,"href":"https:\/\/www.ernstbrunn-apotheke.at\/katalog\/wp-json\/wp\/v2\/product_brand?post=20345"},{"taxonomy":"product_cat","embeddable":true,"href":"https:\/\/www.ernstbrunn-apotheke.at\/katalog\/wp-json\/wp\/v2\/product_cat?post=20345"},{"taxonomy":"product_tag","embeddable":true,"href":"https:\/\/www.ernstbrunn-apotheke.at\/katalog\/wp-json\/wp\/v2\/product_tag?post=20345"}],"curies":[{"name":"wp","href":"https:\/\/api.w.org\/{rel}","templated":true}]}}